{"id":26565,"date":"2015-07-03T13:40:03","date_gmt":"2015-07-03T13:40:03","guid":{"rendered":"https:\/\/www.geciclaw.com\/advokati\/"},"modified":"2024-04-09T14:37:26","modified_gmt":"2024-04-09T12:37:26","slug":"advokati","status":"publish","type":"page","link":"https:\/\/www.geciclaw.com\/bs\/advokati\/","title":{"rendered":"NA\u0160 TIM"},"content":{"rendered":"","protected":false},"excerpt":{"rendered":"","protected":false},"author":1,"featured_media":0,"parent":0,"menu_order":0,"comment_status":"open","ping_status":"open","template":"template-lawyers.php","meta":{"om_disable_all_campaigns":false,"footnotes":""},"class_list":["post-26565","page","type-page","status-publish","hentry"],"acf":[],"yoast_head":"<!-- This site is optimized with the Yoast SEO plugin v25.5 - https:\/\/yoast.com\/wordpress\/plugins\/seo\/ -->\n<title>Advokati - Gecic Law Beograd advokati\u00a0<\/title>\n<meta name=\"description\" content=\"Na\u0161i Advokati, Gecic \u00a0Law Beograd -\u00a0\u010clanovi na\u0161eg tima dolaze sa vode\u0107ih ameri\u010dkih i evropskih univerziteta, uklju\u010duju\u0107i Harvard, Florence EUI, Nottingham..\" \/>\n<meta name=\"robots\" content=\"index, follow, max-snippet:-1, max-image-preview:large, max-video-preview:-1\" \/>\n<link rel=\"canonical\" href=\"https:\/\/www.geciclaw.com\/bs\/advokati\/\" \/>\n<meta property=\"og:locale\" content=\"bs_BA\" \/>\n<meta property=\"og:type\" content=\"article\" \/>\n<meta property=\"og:title\" content=\"Advokati - Gecic Law Beograd advokati\u00a0\" \/>\n<meta property=\"og:description\" content=\"Na\u0161i Advokati, Gecic \u00a0Law Beograd -\u00a0\u010clanovi na\u0161eg tima dolaze sa vode\u0107ih ameri\u010dkih i evropskih univerziteta, uklju\u010duju\u0107i Harvard, Florence EUI, Nottingham..\" \/>\n<meta property=\"og:url\" content=\"https:\/\/www.geciclaw.com\/bs\/advokati\/\" \/>\n<meta property=\"og:site_name\" content=\"Geci\u0107 Law\" \/>\n<meta property=\"article:modified_time\" content=\"2024-04-09T12:37:26+00:00\" \/>\n<meta name=\"twitter:card\" content=\"summary_large_image\" \/>\n<script type=\"application\/ld+json\" class=\"yoast-schema-graph\">{\"@context\":\"https:\/\/schema.org\",\"@graph\":[{\"@type\":\"WebPage\",\"@id\":\"https:\/\/www.geciclaw.com\/bs\/advokati\/\",\"url\":\"https:\/\/www.geciclaw.com\/bs\/advokati\/\",\"name\":\"Advokati - Gecic Law Beograd advokati\u00a0\",\"isPartOf\":{\"@id\":\"https:\/\/www.geciclaw.com\/#website\"},\"datePublished\":\"2015-07-03T13:40:03+00:00\",\"dateModified\":\"2024-04-09T12:37:26+00:00\",\"description\":\"Na\u0161i Advokati, Gecic \u00a0Law Beograd -\u00a0\u010clanovi na\u0161eg tima dolaze sa vode\u0107ih ameri\u010dkih i evropskih univerziteta, uklju\u010duju\u0107i Harvard, Florence EUI, Nottingham..\",\"breadcrumb\":{\"@id\":\"https:\/\/www.geciclaw.com\/bs\/advokati\/#breadcrumb\"},\"inLanguage\":\"bs-BA\",\"potentialAction\":[{\"@type\":\"ReadAction\",\"target\":[\"https:\/\/www.geciclaw.com\/bs\/advokati\/\"]}]},{\"@type\":\"BreadcrumbList\",\"@id\":\"https:\/\/www.geciclaw.com\/bs\/advokati\/#breadcrumb\",\"itemListElement\":[{\"@type\":\"ListItem\",\"position\":1,\"name\":\"Home\",\"item\":\"https:\/\/www.geciclaw.com\/bs\/\"},{\"@type\":\"ListItem\",\"position\":2,\"name\":\"NA\u0160 TIM\"}]},{\"@type\":\"WebSite\",\"@id\":\"https:\/\/www.geciclaw.com\/#website\",\"url\":\"https:\/\/www.geciclaw.com\/\",\"name\":\"Geci\u0107 Law\",\"description\":\"Advokatska kancelarija\",\"publisher\":{\"@id\":\"https:\/\/www.geciclaw.com\/#organization\"},\"potentialAction\":[{\"@type\":\"SearchAction\",\"target\":{\"@type\":\"EntryPoint\",\"urlTemplate\":\"https:\/\/www.geciclaw.com\/?s={search_term_string}\"},\"query-input\":{\"@type\":\"PropertyValueSpecification\",\"valueRequired\":true,\"valueName\":\"search_term_string\"}}],\"inLanguage\":\"bs-BA\"},{\"@type\":\"Organization\",\"@id\":\"https:\/\/www.geciclaw.com\/#organization\",\"name\":\"Geci\u0107 Law\",\"url\":\"https:\/\/www.geciclaw.com\/\",\"logo\":{\"@type\":\"ImageObject\",\"inLanguage\":\"bs-BA\",\"@id\":\"https:\/\/www.geciclaw.com\/#\/schema\/logo\/image\/\",\"url\":\"https:\/\/geciclaw.com\/wp-content\/uploads\/2021\/10\/1.png\",\"contentUrl\":\"https:\/\/geciclaw.com\/wp-content\/uploads\/2021\/10\/1.png\",\"width\":1000,\"height\":409,\"caption\":\"Geci\u0107 Law\"},\"image\":{\"@id\":\"https:\/\/www.geciclaw.com\/#\/schema\/logo\/image\/\"}}]}<\/script>\n<!-- \/ Yoast SEO plugin. -->","yoast_head_json":{"title":"Advokati - Gecic Law Beograd advokati\u00a0","description":"Na\u0161i Advokati, Gecic \u00a0Law Beograd -\u00a0\u010clanovi na\u0161eg tima dolaze sa vode\u0107ih ameri\u010dkih i evropskih univerziteta, uklju\u010duju\u0107i Harvard, Florence EUI, Nottingham..","robots":{"index":"index","follow":"follow","max-snippet":"max-snippet:-1","max-image-preview":"max-image-preview:large","max-video-preview":"max-video-preview:-1"},"canonical":"https:\/\/www.geciclaw.com\/bs\/advokati\/","og_locale":"bs_BA","og_type":"article","og_title":"Advokati - Gecic Law Beograd advokati\u00a0","og_description":"Na\u0161i Advokati, Gecic \u00a0Law Beograd -\u00a0\u010clanovi na\u0161eg tima dolaze sa vode\u0107ih ameri\u010dkih i evropskih univerziteta, uklju\u010duju\u0107i Harvard, Florence EUI, Nottingham..","og_url":"https:\/\/www.geciclaw.com\/bs\/advokati\/","og_site_name":"Geci\u0107 Law","article_modified_time":"2024-04-09T12:37:26+00:00","twitter_card":"summary_large_image","schema":{"@context":"https:\/\/schema.org","@graph":[{"@type":"WebPage","@id":"https:\/\/www.geciclaw.com\/bs\/advokati\/","url":"https:\/\/www.geciclaw.com\/bs\/advokati\/","name":"Advokati - Gecic Law Beograd advokati\u00a0","isPartOf":{"@id":"https:\/\/www.geciclaw.com\/#website"},"datePublished":"2015-07-03T13:40:03+00:00","dateModified":"2024-04-09T12:37:26+00:00","description":"Na\u0161i Advokati, Gecic \u00a0Law Beograd -\u00a0\u010clanovi na\u0161eg tima dolaze sa vode\u0107ih ameri\u010dkih i evropskih univerziteta, uklju\u010duju\u0107i Harvard, Florence EUI, Nottingham..","breadcrumb":{"@id":"https:\/\/www.geciclaw.com\/bs\/advokati\/#breadcrumb"},"inLanguage":"bs-BA","potentialAction":[{"@type":"ReadAction","target":["https:\/\/www.geciclaw.com\/bs\/advokati\/"]}]},{"@type":"BreadcrumbList","@id":"https:\/\/www.geciclaw.com\/bs\/advokati\/#breadcrumb","itemListElement":[{"@type":"ListItem","position":1,"name":"Home","item":"https:\/\/www.geciclaw.com\/bs\/"},{"@type":"ListItem","position":2,"name":"NA\u0160 TIM"}]},{"@type":"WebSite","@id":"https:\/\/www.geciclaw.com\/#website","url":"https:\/\/www.geciclaw.com\/","name":"Geci\u0107 Law","description":"Advokatska kancelarija","publisher":{"@id":"https:\/\/www.geciclaw.com\/#organization"},"potentialAction":[{"@type":"SearchAction","target":{"@type":"EntryPoint","urlTemplate":"https:\/\/www.geciclaw.com\/?s={search_term_string}"},"query-input":{"@type":"PropertyValueSpecification","valueRequired":true,"valueName":"search_term_string"}}],"inLanguage":"bs-BA"},{"@type":"Organization","@id":"https:\/\/www.geciclaw.com\/#organization","name":"Geci\u0107 Law","url":"https:\/\/www.geciclaw.com\/","logo":{"@type":"ImageObject","inLanguage":"bs-BA","@id":"https:\/\/www.geciclaw.com\/#\/schema\/logo\/image\/","url":"https:\/\/geciclaw.com\/wp-content\/uploads\/2021\/10\/1.png","contentUrl":"https:\/\/geciclaw.com\/wp-content\/uploads\/2021\/10\/1.png","width":1000,"height":409,"caption":"Geci\u0107 Law"},"image":{"@id":"https:\/\/www.geciclaw.com\/#\/schema\/logo\/image\/"}}]}},"_links":{"self":[{"href":"https:\/\/www.geciclaw.com\/bs\/wp-json\/wp\/v2\/pages\/26565","targetHints":{"allow":["GET"]}}],"collection":[{"href":"https:\/\/www.geciclaw.com\/bs\/wp-json\/wp\/v2\/pages"}],"about":[{"href":"https:\/\/www.geciclaw.com\/bs\/wp-json\/wp\/v2\/types\/page"}],"author":[{"embeddable":true,"href":"https:\/\/www.geciclaw.com\/bs\/wp-json\/wp\/v2\/users\/1"}],"replies":[{"embeddable":true,"href":"https:\/\/www.geciclaw.com\/bs\/wp-json\/wp\/v2\/comments?post=26565"}],"version-history":[{"count":1,"href":"https:\/\/www.geciclaw.com\/bs\/wp-json\/wp\/v2\/pages\/26565\/revisions"}],"predecessor-version":[{"id":26566,"href":"https:\/\/www.geciclaw.com\/bs\/wp-json\/wp\/v2\/pages\/26565\/revisions\/26566"}],"wp:attachment":[{"href":"https:\/\/www.geciclaw.com\/bs\/wp-json\/wp\/v2\/media?parent=26565"}],"curies":[{"name":"wp","href":"https:\/\/api.w.org\/{rel}","templated":true}]}}