{"id":26848,"date":"2024-05-24T12:08:06","date_gmt":"2024-05-24T10:08:06","guid":{"rendered":"https:\/\/www.geciclaw.com\/?page_id=26848"},"modified":"2024-05-24T12:08:06","modified_gmt":"2024-05-24T10:08:06","slug":"pravno-obavjestenje","status":"publish","type":"page","link":"https:\/\/www.geciclaw.com\/bs\/pravno-obavjestenje\/","title":{"rendered":"Pravno obavje\u0161tenje"},"content":{"rendered":"<p>Geci\u0107 Law se odnosi na advokata Bogdana M. Geci\u0107a, koji je \u010dlan Advokatske komore Beograda, i koji sara\u0111uje sa nezavisnim advokatima koji su \u010dlanovi odgovaraju\u0107ih advokatskih komora u Srbiji i Bosni i Hercegovini u skladu sa va\u017ee\u0107im profesionalnim pravilima i kodeksima.<\/p>\n<p>Advokat Bogdan M. Geci\u0107 i neki od prethodno pomenutih advokata su \u010dlanovi Udru\u017eenja Geci\u0107 Law, \u0161vajcarskog udru\u017eenja u smislu \u0160vajcarskog gra\u0111anskog zakonika (&#8220;Verein&#8221; na njema\u010dkom, &#8220;Association&#8221; na francuskom, &#8220;Associazione&#8221; na italijanskom). Udru\u017eenje Geci\u0107 Law podsti\u010de saradnju, razmjenu znanja i profesionalni razvoj me\u0111u pravnicima iz razli\u010ditih jurisdikcija. Misija Udru\u017eenja Geci\u0107 Law je da stvori visokorangiranu mre\u017eu pravnih profesionalaca posve\u0107enih izvrsnosti u advokatskoj praksi i posve\u0107enih unapre\u0111enju pravne profesije u cjelini.<br \/>\n&#8220;Geci\u0107 Law&#8221; je registrovani \u017eig.<\/p>\n","protected":false},"excerpt":{"rendered":"<p>Geci\u0107 Law se odnosi na advokata Bogdana M. Geci\u0107a, koji je \u010dlan Advokatske komore Beograda, i koji sara\u0111uje sa nezavisnim advokatima koji su \u010dlanovi odgovaraju\u0107ih advokatskih komora u Srbiji i Bosni i Hercegovini u skladu sa va\u017ee\u0107im profesionalnim pravilima i kodeksima. Advokat Bogdan M. Geci\u0107 i neki od prethodno pomenutih advokata su \u010dlanovi Udru\u017eenja Geci\u0107 Law, \u0161vajcarskog udru\u017eenja u smislu \u0160vajcarskog gra\u0111anskog zakonika (&#8220;Verein&#8221; na njema\u010dkom, &#8220;Association&#8221; na francuskom, &#8220;Associazione&#8221; na italijanskom). Udru\u017eenje Geci\u0107 Law podsti\u010de saradnju, razmjenu znanja i profesionalni razvoj me\u0111u pravnicima iz razli\u010ditih jurisdikcija. Misija Udru\u017eenja Geci\u0107 Law je da stvori visokorangiranu mre\u017eu pravnih profesionalaca posve\u0107enih izvrsnosti [&hellip;]<\/p>\n","protected":false},"author":24,"featured_media":0,"parent":0,"menu_order":0,"comment_status":"closed","ping_status":"closed","template":"","meta":{"om_disable_all_campaigns":false,"footnotes":""},"class_list":["post-26848","page","type-page","status-publish","hentry"],"acf":[],"yoast_head":"<!-- This site is optimized with the Yoast SEO plugin v25.5 - https:\/\/yoast.com\/wordpress\/plugins\/seo\/ -->\n<title>Pravno obavje\u0161tenje | Geci\u0107 Law<\/title>\n<meta name=\"robots\" content=\"index, follow, max-snippet:-1, max-image-preview:large, max-video-preview:-1\" \/>\n<link rel=\"canonical\" href=\"https:\/\/www.geciclaw.com\/bs\/pravno-obavjestenje\/\" \/>\n<meta property=\"og:locale\" content=\"bs_BA\" \/>\n<meta property=\"og:type\" content=\"article\" \/>\n<meta property=\"og:title\" content=\"Pravno obavje\u0161tenje | Geci\u0107 Law\" \/>\n<meta property=\"og:description\" content=\"Geci\u0107 Law se odnosi na advokata Bogdana M. Geci\u0107a, koji je \u010dlan Advokatske komore Beograda, i koji sara\u0111uje sa nezavisnim advokatima koji su \u010dlanovi odgovaraju\u0107ih advokatskih komora u Srbiji i Bosni i Hercegovini u skladu sa va\u017ee\u0107im profesionalnim pravilima i kodeksima. Advokat Bogdan M. Geci\u0107 i neki od prethodno pomenutih advokata su \u010dlanovi Udru\u017eenja Geci\u0107 Law, \u0161vajcarskog udru\u017eenja u smislu \u0160vajcarskog gra\u0111anskog zakonika (&#8220;Verein&#8221; na njema\u010dkom, &#8220;Association&#8221; na francuskom, &#8220;Associazione&#8221; na italijanskom). Udru\u017eenje Geci\u0107 Law podsti\u010de saradnju, razmjenu znanja i profesionalni razvoj me\u0111u pravnicima iz razli\u010ditih jurisdikcija. Misija Udru\u017eenja Geci\u0107 Law je da stvori visokorangiranu mre\u017eu pravnih profesionalaca posve\u0107enih izvrsnosti [&hellip;]\" \/>\n<meta property=\"og:url\" content=\"https:\/\/www.geciclaw.com\/bs\/pravno-obavjestenje\/\" \/>\n<meta property=\"og:site_name\" content=\"Geci\u0107 Law\" \/>\n<meta name=\"twitter:card\" content=\"summary_large_image\" \/>\n<meta name=\"twitter:label1\" content=\"Est. reading time\" \/>\n\t<meta name=\"twitter:data1\" content=\"1 minuta\" \/>\n<script type=\"application\/ld+json\" class=\"yoast-schema-graph\">{\"@context\":\"https:\/\/schema.org\",\"@graph\":[{\"@type\":\"WebPage\",\"@id\":\"https:\/\/www.geciclaw.com\/bs\/pravno-obavjestenje\/\",\"url\":\"https:\/\/www.geciclaw.com\/bs\/pravno-obavjestenje\/\",\"name\":\"Pravno obavje\u0161tenje | Geci\u0107 Law\",\"isPartOf\":{\"@id\":\"https:\/\/www.geciclaw.com\/#website\"},\"datePublished\":\"2024-05-24T10:08:06+00:00\",\"breadcrumb\":{\"@id\":\"https:\/\/www.geciclaw.com\/bs\/pravno-obavjestenje\/#breadcrumb\"},\"inLanguage\":\"bs-BA\",\"potentialAction\":[{\"@type\":\"ReadAction\",\"target\":[\"https:\/\/www.geciclaw.com\/bs\/pravno-obavjestenje\/\"]}]},{\"@type\":\"BreadcrumbList\",\"@id\":\"https:\/\/www.geciclaw.com\/bs\/pravno-obavjestenje\/#breadcrumb\",\"itemListElement\":[{\"@type\":\"ListItem\",\"position\":1,\"name\":\"Home\",\"item\":\"https:\/\/www.geciclaw.com\/bs\/\"},{\"@type\":\"ListItem\",\"position\":2,\"name\":\"Pravno obavje\u0161tenje\"}]},{\"@type\":\"WebSite\",\"@id\":\"https:\/\/www.geciclaw.com\/#website\",\"url\":\"https:\/\/www.geciclaw.com\/\",\"name\":\"Geci\u0107 Law\",\"description\":\"Advokatska kancelarija\",\"publisher\":{\"@id\":\"https:\/\/www.geciclaw.com\/#organization\"},\"potentialAction\":[{\"@type\":\"SearchAction\",\"target\":{\"@type\":\"EntryPoint\",\"urlTemplate\":\"https:\/\/www.geciclaw.com\/?s={search_term_string}\"},\"query-input\":{\"@type\":\"PropertyValueSpecification\",\"valueRequired\":true,\"valueName\":\"search_term_string\"}}],\"inLanguage\":\"bs-BA\"},{\"@type\":\"Organization\",\"@id\":\"https:\/\/www.geciclaw.com\/#organization\",\"name\":\"Geci\u0107 Law\",\"url\":\"https:\/\/www.geciclaw.com\/\",\"logo\":{\"@type\":\"ImageObject\",\"inLanguage\":\"bs-BA\",\"@id\":\"https:\/\/www.geciclaw.com\/#\/schema\/logo\/image\/\",\"url\":\"https:\/\/geciclaw.com\/wp-content\/uploads\/2021\/10\/1.png\",\"contentUrl\":\"https:\/\/geciclaw.com\/wp-content\/uploads\/2021\/10\/1.png\",\"width\":1000,\"height\":409,\"caption\":\"Geci\u0107 Law\"},\"image\":{\"@id\":\"https:\/\/www.geciclaw.com\/#\/schema\/logo\/image\/\"}}]}<\/script>\n<!-- \/ Yoast SEO plugin. -->","yoast_head_json":{"title":"Pravno obavje\u0161tenje | Geci\u0107 Law","robots":{"index":"index","follow":"follow","max-snippet":"max-snippet:-1","max-image-preview":"max-image-preview:large","max-video-preview":"max-video-preview:-1"},"canonical":"https:\/\/www.geciclaw.com\/bs\/pravno-obavjestenje\/","og_locale":"bs_BA","og_type":"article","og_title":"Pravno obavje\u0161tenje | Geci\u0107 Law","og_description":"Geci\u0107 Law se odnosi na advokata Bogdana M. Geci\u0107a, koji je \u010dlan Advokatske komore Beograda, i koji sara\u0111uje sa nezavisnim advokatima koji su \u010dlanovi odgovaraju\u0107ih advokatskih komora u Srbiji i Bosni i Hercegovini u skladu sa va\u017ee\u0107im profesionalnim pravilima i kodeksima. Advokat Bogdan M. Geci\u0107 i neki od prethodno pomenutih advokata su \u010dlanovi Udru\u017eenja Geci\u0107 Law, \u0161vajcarskog udru\u017eenja u smislu \u0160vajcarskog gra\u0111anskog zakonika (&#8220;Verein&#8221; na njema\u010dkom, &#8220;Association&#8221; na francuskom, &#8220;Associazione&#8221; na italijanskom). Udru\u017eenje Geci\u0107 Law podsti\u010de saradnju, razmjenu znanja i profesionalni razvoj me\u0111u pravnicima iz razli\u010ditih jurisdikcija. Misija Udru\u017eenja Geci\u0107 Law je da stvori visokorangiranu mre\u017eu pravnih profesionalaca posve\u0107enih izvrsnosti [&hellip;]","og_url":"https:\/\/www.geciclaw.com\/bs\/pravno-obavjestenje\/","og_site_name":"Geci\u0107 Law","twitter_card":"summary_large_image","twitter_misc":{"Est. reading time":"1 minuta"},"schema":{"@context":"https:\/\/schema.org","@graph":[{"@type":"WebPage","@id":"https:\/\/www.geciclaw.com\/bs\/pravno-obavjestenje\/","url":"https:\/\/www.geciclaw.com\/bs\/pravno-obavjestenje\/","name":"Pravno obavje\u0161tenje | Geci\u0107 Law","isPartOf":{"@id":"https:\/\/www.geciclaw.com\/#website"},"datePublished":"2024-05-24T10:08:06+00:00","breadcrumb":{"@id":"https:\/\/www.geciclaw.com\/bs\/pravno-obavjestenje\/#breadcrumb"},"inLanguage":"bs-BA","potentialAction":[{"@type":"ReadAction","target":["https:\/\/www.geciclaw.com\/bs\/pravno-obavjestenje\/"]}]},{"@type":"BreadcrumbList","@id":"https:\/\/www.geciclaw.com\/bs\/pravno-obavjestenje\/#breadcrumb","itemListElement":[{"@type":"ListItem","position":1,"name":"Home","item":"https:\/\/www.geciclaw.com\/bs\/"},{"@type":"ListItem","position":2,"name":"Pravno obavje\u0161tenje"}]},{"@type":"WebSite","@id":"https:\/\/www.geciclaw.com\/#website","url":"https:\/\/www.geciclaw.com\/","name":"Geci\u0107 Law","description":"Advokatska kancelarija","publisher":{"@id":"https:\/\/www.geciclaw.com\/#organization"},"potentialAction":[{"@type":"SearchAction","target":{"@type":"EntryPoint","urlTemplate":"https:\/\/www.geciclaw.com\/?s={search_term_string}"},"query-input":{"@type":"PropertyValueSpecification","valueRequired":true,"valueName":"search_term_string"}}],"inLanguage":"bs-BA"},{"@type":"Organization","@id":"https:\/\/www.geciclaw.com\/#organization","name":"Geci\u0107 Law","url":"https:\/\/www.geciclaw.com\/","logo":{"@type":"ImageObject","inLanguage":"bs-BA","@id":"https:\/\/www.geciclaw.com\/#\/schema\/logo\/image\/","url":"https:\/\/geciclaw.com\/wp-content\/uploads\/2021\/10\/1.png","contentUrl":"https:\/\/geciclaw.com\/wp-content\/uploads\/2021\/10\/1.png","width":1000,"height":409,"caption":"Geci\u0107 Law"},"image":{"@id":"https:\/\/www.geciclaw.com\/#\/schema\/logo\/image\/"}}]}},"_links":{"self":[{"href":"https:\/\/www.geciclaw.com\/bs\/wp-json\/wp\/v2\/pages\/26848","targetHints":{"allow":["GET"]}}],"collection":[{"href":"https:\/\/www.geciclaw.com\/bs\/wp-json\/wp\/v2\/pages"}],"about":[{"href":"https:\/\/www.geciclaw.com\/bs\/wp-json\/wp\/v2\/types\/page"}],"author":[{"embeddable":true,"href":"https:\/\/www.geciclaw.com\/bs\/wp-json\/wp\/v2\/users\/24"}],"replies":[{"embeddable":true,"href":"https:\/\/www.geciclaw.com\/bs\/wp-json\/wp\/v2\/comments?post=26848"}],"version-history":[{"count":1,"href":"https:\/\/www.geciclaw.com\/bs\/wp-json\/wp\/v2\/pages\/26848\/revisions"}],"predecessor-version":[{"id":26849,"href":"https:\/\/www.geciclaw.com\/bs\/wp-json\/wp\/v2\/pages\/26848\/revisions\/26849"}],"wp:attachment":[{"href":"https:\/\/www.geciclaw.com\/bs\/wp-json\/wp\/v2\/media?parent=26848"}],"curies":[{"name":"wp","href":"https:\/\/api.w.org\/{rel}","templated":true}]}}