{"id":2967,"date":"2015-08-19T08:07:01","date_gmt":"2015-08-19T08:07:01","guid":{"rendered":"http:\/\/www.geciclaw.com\/?page_id=2967"},"modified":"2025-11-28T12:56:01","modified_gmt":"2025-11-28T11:56:01","slug":"o-nama","status":"publish","type":"page","link":"https:\/\/www.geciclaw.com\/sr\/o-nama\/","title":{"rendered":"O nama"},"content":{"rendered":"<p><a href=\"https:\/\/www.geciclaw.com\/sr\/\"><strong class=\"boldfirm\">Geci\u0107 <\/strong><\/a><a href=\"https:\/\/www.geciclaw.com\/sr\/\"><strong class=\"boldfirm\">Law<\/strong><\/a> pru\u017ea \u0161irok spektar pravnih usluga klijentima u Jugoisto\u010dnoj Evropi. Posve\u0107eni smo izgradnji dugoro\u010dnih odnosa sa na\u0161im klijentima i pru\u017eamo podr\u0161ku njihovim poslovnim uspesima primenjuju\u0107i inovativne metode u re\u0161avanju pravnih pitanja. Ekskluzivno \u010dlanstvo u dve elitne me\u0111unarodne mre\u017ee advokatskih kancelarija, TerraLex i TAGLaw, omogu\u0107uje nam i da zadovoljimo potrebe na\u0161ih klijenata \u0161irom sveta, gde god da se oni nalaze. U poslovnom okru\u017eenju koje se stalno menja, rukovodimo se posebnim potrebama svakog klijenta u re\u0161avanju najslo\u017eenijih pravnih izazova u brojnim pravnim oblastima, granama privrede i jurisdikcijama, ostvaruju\u0107i poslovne prilike i stvarne rezultate.<\/p>\n<p>Kvalitet na\u0161eg rada vi\u0161e godina zaredom prepoznaju vodec\u0301i globalni pravni direktorijumi, kao \u0161to su <a href=\"https:\/\/www.legal500.com\/firms\/17692-gecic-law\/c-serbia\/rankings\">The Legal 500<\/a>, <a href=\"https:\/\/chambers.com\/law-firm\/gecic-law-europe-7:22871830\">Chambers and Partners<\/a>, <a href=\"https:\/\/www.lexology.com\/index\">Lexology Index<\/a> i\u00a0<a href=\"https:\/\/benchmarklitigation.com\/Lawyer\/Bogdan-Geci\/Profile\/118495#undefined\">Benchmark Litigation.<\/a> Ponosni smo trostruki dobitnik i presti\u017enih The Lawyer nagrada. Progla\u0161eni smo za <a href=\"https:\/\/www.geciclaw.com\/sr\/the-lawyer-european-awards-2025-pobeda\/\">Advokatsku kancelariju 2025. godine za region Jugoisto\u010dne Evrope<\/a>, a uzastopni smo dobitnici nagrada za <a href=\"https:\/\/youtu.be\/PKgU2djKhFA\">Advokatsku kancelariju 2021. godine za region Jugoisto\u010dne Evrope<\/a> i <a href=\"https:\/\/youtu.be\/ftbKtg4zCQc\">Advokatsku kancelariju 2020. godine za region Isto\u010dne Evrope i Balkana<\/a>. Osam godina zaredom smo ulazili u u\u017ei izbor u brojnim kategorijama, uklju\u010duju\u0107i za oblast prava za\u0161tite konkurencije, korporativnog prava, finansija i re\u0161avanja sporova, ponosno stojeci rame uz rame sa najboljim kancelarijama u Evropi.<\/p>\n<p>Advokatsku kancelariju Geci\u0107 Law su 2015. godine osnovali istaknuti pravnici i profesionalci, ujedinjeni vizijom stvaranja istinske korporativne meritokratije i te\u017enjom izvrsnosti u advokatskoj praksi. Negujemo strate\u0161ki pristup poslovnim izazovima, principe saradnje i korporativne odgovornosti i posvec\u0301eni smo unapre\u0111enju poslovanja na\u0161ih klijenata, ali i dobrobiti zajednice \u010diji smo deo.<\/p>\n<p><a href=\"https:\/\/l.facebook.com\/l.php?u=https%3A%2F%2Fwww.geciclaw.com%2Fpeople%2F%3Ffbclid%3DIwAR3xOMwME_S9UX1iYCV1AiuvIQLaQ__FZnnQP9wOiJSrfLka7I8gANa4DaI&amp;h=AT3kPf5JgTCxkGEgCCROt2pCPyt8K-PinjSLXzyoqmMmC-C21AFw6QJEPS1xykXPmxfM_UIWCQoxmnkiK-l4OyLTsznrtttC9JpPX94PxO0KruKzmqUIoH-4YjFp8yNZSCc\"><strong class=\"boldfirm\">Na\u0161 tim<\/strong><\/a> \u010dine talentovani i preduzimljivi advokati, na tr\u017ei\u0161tu prepoznati kao multidisciplinarni stru\u010dnjaci, koji posti\u017eu izvanredne rezultate u najkompleksnijim slu\u010dajevima zahvaljuju\u0107i kombinaciji me\u0111unarodnog iskustva, kreativnog razmi\u0161ljanja i znanja ste\u010denog na vode\u0107im evropskim i ameri\u010dkim univerzitetima, uklju\u010duju\u0107i Harvard, University of Nottingham, Maastricht University, Hofstra University i University of Derby.<\/p>\n<p>Jedinstveni spoj vrhunskih kvalifikacija i temeljnog poznavanja regionalnog poslovnog, pravnog i politi\u010dkog okru\u017eenja omogu\u0107uje nam da se na efektivan na\u010din uhvatimo uko\u0161tac sa najzahtevnijim poslovnim izazovima na\u0161ih klijenata.<\/p>\n","protected":false},"excerpt":{"rendered":"<p>Geci\u0107 Law pru\u017ea \u0161irok spektar pravnih usluga klijentima u Jugoisto\u010dnoj Evropi. Posve\u0107eni smo izgradnji dugoro\u010dnih odnosa sa na\u0161im klijentima i pru\u017eamo podr\u0161ku njihovim poslovnim uspesima primenjuju\u0107i inovativne metode u re\u0161avanju pravnih pitanja. Ekskluzivno \u010dlanstvo u dve elitne me\u0111unarodne mre\u017ee advokatskih kancelarija, TerraLex i TAGLaw, omogu\u0107uje nam i da zadovoljimo potrebe na\u0161ih klijenata \u0161irom sveta, gde god da se oni nalaze. U poslovnom okru\u017eenju koje se stalno menja, rukovodimo se posebnim potrebama svakog klijenta u re\u0161avanju najslo\u017eenijih pravnih izazova u brojnim pravnim oblastima, granama privrede i jurisdikcijama, ostvaruju\u0107i poslovne prilike i stvarne rezultate. Kvalitet na\u0161eg rada vi\u0161e godina zaredom prepoznaju vodec\u0301i [&hellip;]<\/p>\n","protected":false},"author":1,"featured_media":0,"parent":0,"menu_order":0,"comment_status":"open","ping_status":"open","template":"template-thefirm-NOVO.php","meta":{"om_disable_all_campaigns":false,"footnotes":""},"class_list":["post-2967","page","type-page","status-publish","hentry"],"acf":[],"yoast_head":"<!-- This site is optimized with the Yoast SEO plugin v25.5 - https:\/\/yoast.com\/wordpress\/plugins\/seo\/ -->\n<title>GECI\u0106 LAW FIRM<\/title>\n<meta name=\"robots\" content=\"index, follow, max-snippet:-1, max-image-preview:large, max-video-preview:-1\" \/>\n<link rel=\"canonical\" href=\"https:\/\/www.geciclaw.com\/sr\/o-nama\/\" \/>\n<meta property=\"og:locale\" content=\"sr_RS\" \/>\n<meta property=\"og:type\" content=\"article\" \/>\n<meta property=\"og:title\" content=\"GECI\u0106 LAW FIRM\" \/>\n<meta property=\"og:description\" content=\"Geci\u0107 Law pru\u017ea \u0161irok spektar pravnih usluga klijentima u Jugoisto\u010dnoj Evropi. Posve\u0107eni smo izgradnji dugoro\u010dnih odnosa sa na\u0161im klijentima i pru\u017eamo podr\u0161ku njihovim poslovnim uspesima primenjuju\u0107i inovativne metode u re\u0161avanju pravnih pitanja. Ekskluzivno \u010dlanstvo u dve elitne me\u0111unarodne mre\u017ee advokatskih kancelarija, TerraLex i TAGLaw, omogu\u0107uje nam i da zadovoljimo potrebe na\u0161ih klijenata \u0161irom sveta, gde god da se oni nalaze. U poslovnom okru\u017eenju koje se stalno menja, rukovodimo se posebnim potrebama svakog klijenta u re\u0161avanju najslo\u017eenijih pravnih izazova u brojnim pravnim oblastima, granama privrede i jurisdikcijama, ostvaruju\u0107i poslovne prilike i stvarne rezultate. Kvalitet na\u0161eg rada vi\u0161e godina zaredom prepoznaju vodec\u0301i [&hellip;]\" \/>\n<meta property=\"og:url\" content=\"https:\/\/www.geciclaw.com\/sr\/o-nama\/\" \/>\n<meta property=\"og:site_name\" content=\"Geci\u0107 Law\" \/>\n<meta property=\"article:modified_time\" content=\"2025-11-28T11:56:01+00:00\" \/>\n<meta name=\"twitter:card\" content=\"summary_large_image\" \/>\n<meta name=\"twitter:label1\" content=\"Procenjeno vreme \u010ditanja\" \/>\n\t<meta name=\"twitter:data1\" content=\"2 minuta\" \/>\n<script type=\"application\/ld+json\" class=\"yoast-schema-graph\">{\"@context\":\"https:\/\/schema.org\",\"@graph\":[{\"@type\":\"WebPage\",\"@id\":\"https:\/\/www.geciclaw.com\/sr\/o-nama\/\",\"url\":\"https:\/\/www.geciclaw.com\/sr\/o-nama\/\",\"name\":\"GECI\u0106 LAW FIRM\",\"isPartOf\":{\"@id\":\"https:\/\/www.geciclaw.com\/#website\"},\"datePublished\":\"2015-08-19T08:07:01+00:00\",\"dateModified\":\"2025-11-28T11:56:01+00:00\",\"breadcrumb\":{\"@id\":\"https:\/\/www.geciclaw.com\/sr\/o-nama\/#breadcrumb\"},\"inLanguage\":\"sr-RS\",\"potentialAction\":[{\"@type\":\"ReadAction\",\"target\":[\"https:\/\/www.geciclaw.com\/sr\/o-nama\/\"]}]},{\"@type\":\"BreadcrumbList\",\"@id\":\"https:\/\/www.geciclaw.com\/sr\/o-nama\/#breadcrumb\",\"itemListElement\":[{\"@type\":\"ListItem\",\"position\":1,\"name\":\"Home\",\"item\":\"https:\/\/www.geciclaw.com\/sr\/\"},{\"@type\":\"ListItem\",\"position\":2,\"name\":\"O nama\"}]},{\"@type\":\"WebSite\",\"@id\":\"https:\/\/www.geciclaw.com\/#website\",\"url\":\"https:\/\/www.geciclaw.com\/\",\"name\":\"Geci\u0107 Law\",\"description\":\"Advokatska kancelarija\",\"publisher\":{\"@id\":\"https:\/\/www.geciclaw.com\/#organization\"},\"potentialAction\":[{\"@type\":\"SearchAction\",\"target\":{\"@type\":\"EntryPoint\",\"urlTemplate\":\"https:\/\/www.geciclaw.com\/?s={search_term_string}\"},\"query-input\":{\"@type\":\"PropertyValueSpecification\",\"valueRequired\":true,\"valueName\":\"search_term_string\"}}],\"inLanguage\":\"sr-RS\"},{\"@type\":\"Organization\",\"@id\":\"https:\/\/www.geciclaw.com\/#organization\",\"name\":\"Geci\u0107 Law\",\"url\":\"https:\/\/www.geciclaw.com\/\",\"logo\":{\"@type\":\"ImageObject\",\"inLanguage\":\"sr-RS\",\"@id\":\"https:\/\/www.geciclaw.com\/#\/schema\/logo\/image\/\",\"url\":\"https:\/\/geciclaw.com\/wp-content\/uploads\/2021\/10\/1.png\",\"contentUrl\":\"https:\/\/geciclaw.com\/wp-content\/uploads\/2021\/10\/1.png\",\"width\":1000,\"height\":409,\"caption\":\"Geci\u0107 Law\"},\"image\":{\"@id\":\"https:\/\/www.geciclaw.com\/#\/schema\/logo\/image\/\"}}]}<\/script>\n<!-- \/ Yoast SEO plugin. -->","yoast_head_json":{"title":"GECI\u0106 LAW FIRM","robots":{"index":"index","follow":"follow","max-snippet":"max-snippet:-1","max-image-preview":"max-image-preview:large","max-video-preview":"max-video-preview:-1"},"canonical":"https:\/\/www.geciclaw.com\/sr\/o-nama\/","og_locale":"sr_RS","og_type":"article","og_title":"GECI\u0106 LAW FIRM","og_description":"Geci\u0107 Law pru\u017ea \u0161irok spektar pravnih usluga klijentima u Jugoisto\u010dnoj Evropi. Posve\u0107eni smo izgradnji dugoro\u010dnih odnosa sa na\u0161im klijentima i pru\u017eamo podr\u0161ku njihovim poslovnim uspesima primenjuju\u0107i inovativne metode u re\u0161avanju pravnih pitanja. Ekskluzivno \u010dlanstvo u dve elitne me\u0111unarodne mre\u017ee advokatskih kancelarija, TerraLex i TAGLaw, omogu\u0107uje nam i da zadovoljimo potrebe na\u0161ih klijenata \u0161irom sveta, gde god da se oni nalaze. U poslovnom okru\u017eenju koje se stalno menja, rukovodimo se posebnim potrebama svakog klijenta u re\u0161avanju najslo\u017eenijih pravnih izazova u brojnim pravnim oblastima, granama privrede i jurisdikcijama, ostvaruju\u0107i poslovne prilike i stvarne rezultate. Kvalitet na\u0161eg rada vi\u0161e godina zaredom prepoznaju vodec\u0301i [&hellip;]","og_url":"https:\/\/www.geciclaw.com\/sr\/o-nama\/","og_site_name":"Geci\u0107 Law","article_modified_time":"2025-11-28T11:56:01+00:00","twitter_card":"summary_large_image","twitter_misc":{"Procenjeno vreme \u010ditanja":"2 minuta"},"schema":{"@context":"https:\/\/schema.org","@graph":[{"@type":"WebPage","@id":"https:\/\/www.geciclaw.com\/sr\/o-nama\/","url":"https:\/\/www.geciclaw.com\/sr\/o-nama\/","name":"GECI\u0106 LAW FIRM","isPartOf":{"@id":"https:\/\/www.geciclaw.com\/#website"},"datePublished":"2015-08-19T08:07:01+00:00","dateModified":"2025-11-28T11:56:01+00:00","breadcrumb":{"@id":"https:\/\/www.geciclaw.com\/sr\/o-nama\/#breadcrumb"},"inLanguage":"sr-RS","potentialAction":[{"@type":"ReadAction","target":["https:\/\/www.geciclaw.com\/sr\/o-nama\/"]}]},{"@type":"BreadcrumbList","@id":"https:\/\/www.geciclaw.com\/sr\/o-nama\/#breadcrumb","itemListElement":[{"@type":"ListItem","position":1,"name":"Home","item":"https:\/\/www.geciclaw.com\/sr\/"},{"@type":"ListItem","position":2,"name":"O nama"}]},{"@type":"WebSite","@id":"https:\/\/www.geciclaw.com\/#website","url":"https:\/\/www.geciclaw.com\/","name":"Geci\u0107 Law","description":"Advokatska kancelarija","publisher":{"@id":"https:\/\/www.geciclaw.com\/#organization"},"potentialAction":[{"@type":"SearchAction","target":{"@type":"EntryPoint","urlTemplate":"https:\/\/www.geciclaw.com\/?s={search_term_string}"},"query-input":{"@type":"PropertyValueSpecification","valueRequired":true,"valueName":"search_term_string"}}],"inLanguage":"sr-RS"},{"@type":"Organization","@id":"https:\/\/www.geciclaw.com\/#organization","name":"Geci\u0107 Law","url":"https:\/\/www.geciclaw.com\/","logo":{"@type":"ImageObject","inLanguage":"sr-RS","@id":"https:\/\/www.geciclaw.com\/#\/schema\/logo\/image\/","url":"https:\/\/geciclaw.com\/wp-content\/uploads\/2021\/10\/1.png","contentUrl":"https:\/\/geciclaw.com\/wp-content\/uploads\/2021\/10\/1.png","width":1000,"height":409,"caption":"Geci\u0107 Law"},"image":{"@id":"https:\/\/www.geciclaw.com\/#\/schema\/logo\/image\/"}}]}},"_links":{"self":[{"href":"https:\/\/www.geciclaw.com\/sr\/wp-json\/wp\/v2\/pages\/2967","targetHints":{"allow":["GET"]}}],"collection":[{"href":"https:\/\/www.geciclaw.com\/sr\/wp-json\/wp\/v2\/pages"}],"about":[{"href":"https:\/\/www.geciclaw.com\/sr\/wp-json\/wp\/v2\/types\/page"}],"author":[{"embeddable":true,"href":"https:\/\/www.geciclaw.com\/sr\/wp-json\/wp\/v2\/users\/1"}],"replies":[{"embeddable":true,"href":"https:\/\/www.geciclaw.com\/sr\/wp-json\/wp\/v2\/comments?post=2967"}],"version-history":[{"count":46,"href":"https:\/\/www.geciclaw.com\/sr\/wp-json\/wp\/v2\/pages\/2967\/revisions"}],"predecessor-version":[{"id":47928,"href":"https:\/\/www.geciclaw.com\/sr\/wp-json\/wp\/v2\/pages\/2967\/revisions\/47928"}],"wp:attachment":[{"href":"https:\/\/www.geciclaw.com\/sr\/wp-json\/wp\/v2\/media?parent=2967"}],"curies":[{"name":"wp","href":"https:\/\/api.w.org\/{rel}","templated":true}]}}