{"id":3309,"date":"2015-09-08T13:49:33","date_gmt":"2015-09-08T13:49:33","guid":{"rendered":"http:\/\/www.geciclaw.com\/?page_id=3309"},"modified":"2017-11-01T18:54:24","modified_gmt":"2017-11-01T17:54:24","slug":"ogranicenje-odgovornosti","status":"publish","type":"page","link":"https:\/\/www.geciclaw.com\/sr\/ogranicenje-odgovornosti\/","title":{"rendered":"Ograni\u010denje odgovornosti"},"content":{"rendered":"<p>Ovaj vebsajt je namenjen licima koja \u017eele da saznaju vi\u0161e o advokatskoj kancelariji Geci\u0107\u00a0| Law\u00a0(\u201eKancelarija\u201c).\u00a0 Cilj ovog vebsajta nije ne\u017eeljeno kontaktiranje klijenata niti pru\u017eanje pravnih saveta.<\/p>\n<p>Budu\u0107i da u svakom trenutku mo\u017ee do\u0107i do razvoja u pojedinim oblastima prava, Veb sajt mo\u017ee sadr\u017eati informacije koje su nepotpune ili nea\u017eurne. Posetioci vebsajta ne smeju smatrati informacije na ovom vebsajtu pozivom na anga\u017eovanje advokatske kancelarije Geci\u0107\u00a0| Law ili bilo kog advokata Kancelarije i ne smeju se oslanjati na ovde navedene informacije kao na pravni savet u bilo koje svrhe, te uvek treba da potra\u017ee pravni savet adekvatnog pravnika u relevantnoj jurisdikciji. Kancelarija se izri\u010dito odri\u010de svake odgovornosti zasnovane na informacijama navedenim na ovom sajtu.<\/p>\n<p>Prethodni rezultati ne garantuju sli\u010dan ishod.<\/p>\n<p>Elektronska komunikacija koja se obavlja preko sajta nije sigurna i takva komunikacija ne\u0107e se smatrati poverljivom.\u00a0 Kancelarija ne preuzima odgovornosti i ne podr\u017eava nu\u017eno sadr\u017eaj koji je dostupan na veb sajtovima kojima se mo\u017ee pristupiti preko ovog sajta.\u00a0 Tako\u0111e, Kancelarija nije odgovorna za bilo koju praksu, uklju\u010duju\u0107i i za\u0161titu li\u010dnih podataka, koja se primenjuje na sajtovima kojima se mo\u017ee pristupiti preko ovog sajta.<\/p>\n<p>Sedi\u0161te kancelarije je u Beogradu, Srbija.\u00a0 Jurisdikcije u kojima su na\u0161i advokati licencirani, priznati ili na drugi na\u010din ovla\u0161\u0107eni da postupaju navedene su u odeljku \u201eAdvokati\u201c na ovom sajtu.<\/p>\n<p>Mi mo\u017eemo nadgledati na\u010din kori\u0161\u0107enja ovog sajta i evidentirati internet IP adrese korisnika ovog sajta.\u00a0 Ove informacije sakuplja Kancelarija ili od nje ovla\u0161\u0107ena lica samo za na\u0161e interne potrebe i iste se ne\u0107e obelodanjivati sem u meri u kojoj se to zahteva zakonom.\u00a0Sva elektronska komunikacija sa zaposlenima ili predstavnicima Kancelarije preko slu\u017ebenih imejl naloga Kancelarije podle\u017eu nadgledanju i pregledu u skladu s na\u0161im politikama i merodavnim pravom.<\/p>\n<p>Informacije na ovom sajtu ne smeju se koristiti za slanje ne\u017eeljenih grupnih elektronskih oglasa ili ponuda.\u00a0 Svako takvo kori\u0161\u0107enje informacija na ovom sajtu smatra se kr\u0161enjem ovih Uslova kori\u0161\u0107enja.<\/p>\n<p>O na\u0161oj kancelariji mo\u017eete dobiti vi\u0161e informacija ukoliko nam po\u0161aljete dopis, ako nas pozovete ili kontaktirate odgovaraju\u0107e lice u advokatskoj kancelariji Geci\u0107\u00a0| Law,\u00a0ili slanjem imejla na adresu office@geciclaw.com.<\/p>\n<p>Ovaj vebsajt je vlasni\u0161tvo advokatske kancelarije Geci\u0107\u00a0| Law.<\/p>\n<p>\u00a92017 Advokatska kancelarija Geci\u0107\u00a0| Law. Sva prava zadr\u017eana.<\/p>\n","protected":false},"excerpt":{"rendered":"<p>Ovaj vebsajt je namenjen licima koja \u017eele da saznaju vi\u0161e o advokatskoj kancelariji Geci\u0107\u00a0| Law\u00a0(\u201eKancelarija\u201c).\u00a0 Cilj ovog vebsajta nije ne\u017eeljeno kontaktiranje klijenata niti pru\u017eanje pravnih saveta. Budu\u0107i da u svakom trenutku mo\u017ee do\u0107i do razvoja u pojedinim oblastima prava, Veb sajt mo\u017ee sadr\u017eati informacije koje su nepotpune ili nea\u017eurne. Posetioci vebsajta ne smeju smatrati informacije na ovom vebsajtu pozivom na anga\u017eovanje advokatske kancelarije Geci\u0107\u00a0| Law ili bilo kog advokata Kancelarije i ne smeju se oslanjati na ovde navedene informacije kao na pravni savet u bilo koje svrhe, te uvek treba da potra\u017ee pravni savet adekvatnog pravnika u relevantnoj jurisdikciji. Kancelarija [&hellip;]<\/p>\n","protected":false},"author":1,"featured_media":0,"parent":0,"menu_order":0,"comment_status":"open","ping_status":"open","template":"","meta":{"om_disable_all_campaigns":false,"footnotes":""},"class_list":["post-3309","page","type-page","status-publish","hentry"],"acf":[],"yoast_head":"<!-- This site is optimized with the Yoast SEO plugin v25.5 - https:\/\/yoast.com\/wordpress\/plugins\/seo\/ -->\n<title>Ograni\u010denje odgovornosti | Geci\u0107 Law<\/title>\n<meta name=\"robots\" content=\"index, follow, max-snippet:-1, max-image-preview:large, max-video-preview:-1\" \/>\n<link rel=\"canonical\" href=\"https:\/\/www.geciclaw.com\/sr\/ogranicenje-odgovornosti\/\" \/>\n<meta property=\"og:locale\" content=\"sr_RS\" \/>\n<meta property=\"og:type\" content=\"article\" \/>\n<meta property=\"og:title\" content=\"Ograni\u010denje odgovornosti | Geci\u0107 Law\" \/>\n<meta property=\"og:description\" content=\"Ovaj vebsajt je namenjen licima koja \u017eele da saznaju vi\u0161e o advokatskoj kancelariji Geci\u0107\u00a0| Law\u00a0(\u201eKancelarija\u201c).\u00a0 Cilj ovog vebsajta nije ne\u017eeljeno kontaktiranje klijenata niti pru\u017eanje pravnih saveta. Budu\u0107i da u svakom trenutku mo\u017ee do\u0107i do razvoja u pojedinim oblastima prava, Veb sajt mo\u017ee sadr\u017eati informacije koje su nepotpune ili nea\u017eurne. Posetioci vebsajta ne smeju smatrati informacije na ovom vebsajtu pozivom na anga\u017eovanje advokatske kancelarije Geci\u0107\u00a0| Law ili bilo kog advokata Kancelarije i ne smeju se oslanjati na ovde navedene informacije kao na pravni savet u bilo koje svrhe, te uvek treba da potra\u017ee pravni savet adekvatnog pravnika u relevantnoj jurisdikciji. Kancelarija [&hellip;]\" \/>\n<meta property=\"og:url\" content=\"https:\/\/www.geciclaw.com\/sr\/ogranicenje-odgovornosti\/\" \/>\n<meta property=\"og:site_name\" content=\"Geci\u0107 Law\" \/>\n<meta property=\"article:modified_time\" content=\"2017-11-01T17:54:24+00:00\" \/>\n<meta name=\"twitter:card\" content=\"summary_large_image\" \/>\n<meta name=\"twitter:label1\" content=\"Procenjeno vreme \u010ditanja\" \/>\n\t<meta name=\"twitter:data1\" content=\"2 minuta\" \/>\n<script type=\"application\/ld+json\" class=\"yoast-schema-graph\">{\"@context\":\"https:\/\/schema.org\",\"@graph\":[{\"@type\":\"WebPage\",\"@id\":\"https:\/\/www.geciclaw.com\/sr\/ogranicenje-odgovornosti\/\",\"url\":\"https:\/\/www.geciclaw.com\/sr\/ogranicenje-odgovornosti\/\",\"name\":\"Ograni\u010denje odgovornosti | Geci\u0107 Law\",\"isPartOf\":{\"@id\":\"https:\/\/www.geciclaw.com\/#website\"},\"datePublished\":\"2015-09-08T13:49:33+00:00\",\"dateModified\":\"2017-11-01T17:54:24+00:00\",\"breadcrumb\":{\"@id\":\"https:\/\/www.geciclaw.com\/sr\/ogranicenje-odgovornosti\/#breadcrumb\"},\"inLanguage\":\"sr-RS\",\"potentialAction\":[{\"@type\":\"ReadAction\",\"target\":[\"https:\/\/www.geciclaw.com\/sr\/ogranicenje-odgovornosti\/\"]}]},{\"@type\":\"BreadcrumbList\",\"@id\":\"https:\/\/www.geciclaw.com\/sr\/ogranicenje-odgovornosti\/#breadcrumb\",\"itemListElement\":[{\"@type\":\"ListItem\",\"position\":1,\"name\":\"Home\",\"item\":\"https:\/\/www.geciclaw.com\/sr\/\"},{\"@type\":\"ListItem\",\"position\":2,\"name\":\"Ograni\u010denje odgovornosti\"}]},{\"@type\":\"WebSite\",\"@id\":\"https:\/\/www.geciclaw.com\/#website\",\"url\":\"https:\/\/www.geciclaw.com\/\",\"name\":\"Geci\u0107 Law\",\"description\":\"Advokatska kancelarija\",\"publisher\":{\"@id\":\"https:\/\/www.geciclaw.com\/#organization\"},\"potentialAction\":[{\"@type\":\"SearchAction\",\"target\":{\"@type\":\"EntryPoint\",\"urlTemplate\":\"https:\/\/www.geciclaw.com\/?s={search_term_string}\"},\"query-input\":{\"@type\":\"PropertyValueSpecification\",\"valueRequired\":true,\"valueName\":\"search_term_string\"}}],\"inLanguage\":\"sr-RS\"},{\"@type\":\"Organization\",\"@id\":\"https:\/\/www.geciclaw.com\/#organization\",\"name\":\"Geci\u0107 Law\",\"url\":\"https:\/\/www.geciclaw.com\/\",\"logo\":{\"@type\":\"ImageObject\",\"inLanguage\":\"sr-RS\",\"@id\":\"https:\/\/www.geciclaw.com\/#\/schema\/logo\/image\/\",\"url\":\"https:\/\/geciclaw.com\/wp-content\/uploads\/2021\/10\/1.png\",\"contentUrl\":\"https:\/\/geciclaw.com\/wp-content\/uploads\/2021\/10\/1.png\",\"width\":1000,\"height\":409,\"caption\":\"Geci\u0107 Law\"},\"image\":{\"@id\":\"https:\/\/www.geciclaw.com\/#\/schema\/logo\/image\/\"}}]}<\/script>\n<!-- \/ Yoast SEO plugin. -->","yoast_head_json":{"title":"Ograni\u010denje odgovornosti | Geci\u0107 Law","robots":{"index":"index","follow":"follow","max-snippet":"max-snippet:-1","max-image-preview":"max-image-preview:large","max-video-preview":"max-video-preview:-1"},"canonical":"https:\/\/www.geciclaw.com\/sr\/ogranicenje-odgovornosti\/","og_locale":"sr_RS","og_type":"article","og_title":"Ograni\u010denje odgovornosti | Geci\u0107 Law","og_description":"Ovaj vebsajt je namenjen licima koja \u017eele da saznaju vi\u0161e o advokatskoj kancelariji Geci\u0107\u00a0| Law\u00a0(\u201eKancelarija\u201c).\u00a0 Cilj ovog vebsajta nije ne\u017eeljeno kontaktiranje klijenata niti pru\u017eanje pravnih saveta. Budu\u0107i da u svakom trenutku mo\u017ee do\u0107i do razvoja u pojedinim oblastima prava, Veb sajt mo\u017ee sadr\u017eati informacije koje su nepotpune ili nea\u017eurne. Posetioci vebsajta ne smeju smatrati informacije na ovom vebsajtu pozivom na anga\u017eovanje advokatske kancelarije Geci\u0107\u00a0| Law ili bilo kog advokata Kancelarije i ne smeju se oslanjati na ovde navedene informacije kao na pravni savet u bilo koje svrhe, te uvek treba da potra\u017ee pravni savet adekvatnog pravnika u relevantnoj jurisdikciji. Kancelarija [&hellip;]","og_url":"https:\/\/www.geciclaw.com\/sr\/ogranicenje-odgovornosti\/","og_site_name":"Geci\u0107 Law","article_modified_time":"2017-11-01T17:54:24+00:00","twitter_card":"summary_large_image","twitter_misc":{"Procenjeno vreme \u010ditanja":"2 minuta"},"schema":{"@context":"https:\/\/schema.org","@graph":[{"@type":"WebPage","@id":"https:\/\/www.geciclaw.com\/sr\/ogranicenje-odgovornosti\/","url":"https:\/\/www.geciclaw.com\/sr\/ogranicenje-odgovornosti\/","name":"Ograni\u010denje odgovornosti | Geci\u0107 Law","isPartOf":{"@id":"https:\/\/www.geciclaw.com\/#website"},"datePublished":"2015-09-08T13:49:33+00:00","dateModified":"2017-11-01T17:54:24+00:00","breadcrumb":{"@id":"https:\/\/www.geciclaw.com\/sr\/ogranicenje-odgovornosti\/#breadcrumb"},"inLanguage":"sr-RS","potentialAction":[{"@type":"ReadAction","target":["https:\/\/www.geciclaw.com\/sr\/ogranicenje-odgovornosti\/"]}]},{"@type":"BreadcrumbList","@id":"https:\/\/www.geciclaw.com\/sr\/ogranicenje-odgovornosti\/#breadcrumb","itemListElement":[{"@type":"ListItem","position":1,"name":"Home","item":"https:\/\/www.geciclaw.com\/sr\/"},{"@type":"ListItem","position":2,"name":"Ograni\u010denje odgovornosti"}]},{"@type":"WebSite","@id":"https:\/\/www.geciclaw.com\/#website","url":"https:\/\/www.geciclaw.com\/","name":"Geci\u0107 Law","description":"Advokatska kancelarija","publisher":{"@id":"https:\/\/www.geciclaw.com\/#organization"},"potentialAction":[{"@type":"SearchAction","target":{"@type":"EntryPoint","urlTemplate":"https:\/\/www.geciclaw.com\/?s={search_term_string}"},"query-input":{"@type":"PropertyValueSpecification","valueRequired":true,"valueName":"search_term_string"}}],"inLanguage":"sr-RS"},{"@type":"Organization","@id":"https:\/\/www.geciclaw.com\/#organization","name":"Geci\u0107 Law","url":"https:\/\/www.geciclaw.com\/","logo":{"@type":"ImageObject","inLanguage":"sr-RS","@id":"https:\/\/www.geciclaw.com\/#\/schema\/logo\/image\/","url":"https:\/\/geciclaw.com\/wp-content\/uploads\/2021\/10\/1.png","contentUrl":"https:\/\/geciclaw.com\/wp-content\/uploads\/2021\/10\/1.png","width":1000,"height":409,"caption":"Geci\u0107 Law"},"image":{"@id":"https:\/\/www.geciclaw.com\/#\/schema\/logo\/image\/"}}]}},"_links":{"self":[{"href":"https:\/\/www.geciclaw.com\/sr\/wp-json\/wp\/v2\/pages\/3309","targetHints":{"allow":["GET"]}}],"collection":[{"href":"https:\/\/www.geciclaw.com\/sr\/wp-json\/wp\/v2\/pages"}],"about":[{"href":"https:\/\/www.geciclaw.com\/sr\/wp-json\/wp\/v2\/types\/page"}],"author":[{"embeddable":true,"href":"https:\/\/www.geciclaw.com\/sr\/wp-json\/wp\/v2\/users\/1"}],"replies":[{"embeddable":true,"href":"https:\/\/www.geciclaw.com\/sr\/wp-json\/wp\/v2\/comments?post=3309"}],"version-history":[{"count":15,"href":"https:\/\/www.geciclaw.com\/sr\/wp-json\/wp\/v2\/pages\/3309\/revisions"}],"predecessor-version":[{"id":12881,"href":"https:\/\/www.geciclaw.com\/sr\/wp-json\/wp\/v2\/pages\/3309\/revisions\/12881"}],"wp:attachment":[{"href":"https:\/\/www.geciclaw.com\/sr\/wp-json\/wp\/v2\/media?parent=3309"}],"curies":[{"name":"wp","href":"https:\/\/api.w.org\/{rel}","templated":true}]}}