{"id":3505,"date":"2015-09-16T14:10:43","date_gmt":"2015-09-16T14:10:43","guid":{"rendered":"http:\/\/www.geciclaw.com\/?page_id=3505"},"modified":"2016-01-29T09:45:43","modified_gmt":"2016-01-29T08:45:43","slug":"program-prakse","status":"publish","type":"page","link":"https:\/\/www.geciclaw.com\/sr\/program-prakse\/","title":{"rendered":"Program prakse"},"content":{"rendered":"<p>A<strong>dvokatska kancelarija Geci\u0107<\/strong> ohrabruje saradnike da preuzmu odgovornost za razvoj sopstvene karijere, ali im pru\u017ea i svu potrebnu podr\u0161ku u tome.<\/p>\n<p>Posve\u0107eni smo pru\u017eanju savetodavnih i stru\u010dnih usluga na najvi\u0161em nivou kako bismo postigli izvanredne rezultate za na\u0161e klijente. Stoga, na\u0161i kandidati moraju posedovati izvrsne akademske rezultate i odli\u010dne govorni\u010dke, interpersonalne i komunikacione ve\u0161tine. Posve\u0107eni smo razvoju izvanrednih advokata i ulaganju u na\u0161e saradnike. Advokatska kancelarija Geci\u0107 pru\u017ea saradnicima priliku da ulo\u017ee vreme i talente u re\u0161avanje va\u017enih i izazovnih pravnih pitanja, a da pritom rade u kolegijalnom okru\u017eenju uz kolege razli\u010ditih ve\u0161tina i porekla, ali sa zajedni\u010dkom posve\u0107eno\u0161\u0107u izvrsnosti u radu.<\/p>\n<p>&nbsp;<\/p>\n<p>Na\u0161i saradnici imaju priliku da se bave \u0161irokim spektrom tema i pitanja tokom dvogodi\u0161njeg perioda. Saradnici u\u010destvuju u stvarnom radu sa zanimljivim klijentima od prvog dana, sti\u010du\u0107i me\u0111unarodno iskustvo kroz rad na multijurisdikcijskim pitanjima i s ljudima iz svih krajeva sveta.<\/p>\n<p>Sem sjajne prilike za razvoj karijere, advokatska kancelarija Geci\u0107 nudi i pozitivno radno okru\u017eenje, sna\u017enu platformu i posve\u0107enost na\u0161ih starijih advokata razvoju karijere svakog saradnika.<\/p>\n","protected":false},"excerpt":{"rendered":"<p>Advokatska kancelarija Geci\u0107 ohrabruje saradnike da preuzmu odgovornost za razvoj sopstvene karijere, ali im pru\u017ea i svu potrebnu podr\u0161ku u tome. Posve\u0107eni smo pru\u017eanju savetodavnih i stru\u010dnih usluga na najvi\u0161em nivou kako bismo postigli izvanredne rezultate za na\u0161e klijente. Stoga, na\u0161i kandidati moraju posedovati izvrsne akademske rezultate i odli\u010dne govorni\u010dke, interpersonalne i komunikacione ve\u0161tine. Posve\u0107eni smo razvoju izvanrednih advokata i ulaganju u na\u0161e saradnike. Advokatska kancelarija Geci\u0107 pru\u017ea saradnicima priliku da ulo\u017ee vreme i talente u re\u0161avanje va\u017enih i izazovnih pravnih pitanja, a da pritom rade u kolegijalnom okru\u017eenju uz kolege razli\u010ditih ve\u0161tina i porekla, ali sa zajedni\u010dkom posve\u0107eno\u0161\u0107u izvrsnosti [&hellip;]<\/p>\n","protected":false},"author":1,"featured_media":0,"parent":0,"menu_order":0,"comment_status":"closed","ping_status":"open","template":"","meta":{"om_disable_all_campaigns":false,"footnotes":""},"class_list":["post-3505","page","type-page","status-publish","hentry"],"acf":[],"yoast_head":"<!-- This site is optimized with the Yoast SEO plugin v25.5 - https:\/\/yoast.com\/wordpress\/plugins\/seo\/ -->\n<title>Program prakse | Geci\u0107 Law<\/title>\n<meta name=\"robots\" content=\"index, follow, max-snippet:-1, max-image-preview:large, max-video-preview:-1\" \/>\n<link rel=\"canonical\" href=\"https:\/\/www.geciclaw.com\/sr\/program-prakse\/\" \/>\n<meta property=\"og:locale\" content=\"sr_RS\" \/>\n<meta property=\"og:type\" content=\"article\" \/>\n<meta property=\"og:title\" content=\"Program prakse | Geci\u0107 Law\" \/>\n<meta property=\"og:description\" content=\"Advokatska kancelarija Geci\u0107 ohrabruje saradnike da preuzmu odgovornost za razvoj sopstvene karijere, ali im pru\u017ea i svu potrebnu podr\u0161ku u tome. Posve\u0107eni smo pru\u017eanju savetodavnih i stru\u010dnih usluga na najvi\u0161em nivou kako bismo postigli izvanredne rezultate za na\u0161e klijente. Stoga, na\u0161i kandidati moraju posedovati izvrsne akademske rezultate i odli\u010dne govorni\u010dke, interpersonalne i komunikacione ve\u0161tine. Posve\u0107eni smo razvoju izvanrednih advokata i ulaganju u na\u0161e saradnike. Advokatska kancelarija Geci\u0107 pru\u017ea saradnicima priliku da ulo\u017ee vreme i talente u re\u0161avanje va\u017enih i izazovnih pravnih pitanja, a da pritom rade u kolegijalnom okru\u017eenju uz kolege razli\u010ditih ve\u0161tina i porekla, ali sa zajedni\u010dkom posve\u0107eno\u0161\u0107u izvrsnosti [&hellip;]\" \/>\n<meta property=\"og:url\" content=\"https:\/\/www.geciclaw.com\/sr\/program-prakse\/\" \/>\n<meta property=\"og:site_name\" content=\"Geci\u0107 Law\" \/>\n<meta property=\"article:modified_time\" content=\"2016-01-29T08:45:43+00:00\" \/>\n<meta name=\"twitter:card\" content=\"summary_large_image\" \/>\n<meta name=\"twitter:label1\" content=\"Procenjeno vreme \u010ditanja\" \/>\n\t<meta name=\"twitter:data1\" content=\"1 minut\" \/>\n<script type=\"application\/ld+json\" class=\"yoast-schema-graph\">{\"@context\":\"https:\/\/schema.org\",\"@graph\":[{\"@type\":\"WebPage\",\"@id\":\"https:\/\/www.geciclaw.com\/sr\/program-prakse\/\",\"url\":\"https:\/\/www.geciclaw.com\/sr\/program-prakse\/\",\"name\":\"Program prakse | Geci\u0107 Law\",\"isPartOf\":{\"@id\":\"https:\/\/www.geciclaw.com\/#website\"},\"datePublished\":\"2015-09-16T14:10:43+00:00\",\"dateModified\":\"2016-01-29T08:45:43+00:00\",\"breadcrumb\":{\"@id\":\"https:\/\/www.geciclaw.com\/sr\/program-prakse\/#breadcrumb\"},\"inLanguage\":\"sr-RS\",\"potentialAction\":[{\"@type\":\"ReadAction\",\"target\":[\"https:\/\/www.geciclaw.com\/sr\/program-prakse\/\"]}]},{\"@type\":\"BreadcrumbList\",\"@id\":\"https:\/\/www.geciclaw.com\/sr\/program-prakse\/#breadcrumb\",\"itemListElement\":[{\"@type\":\"ListItem\",\"position\":1,\"name\":\"Home\",\"item\":\"https:\/\/www.geciclaw.com\/sr\/\"},{\"@type\":\"ListItem\",\"position\":2,\"name\":\"Program prakse\"}]},{\"@type\":\"WebSite\",\"@id\":\"https:\/\/www.geciclaw.com\/#website\",\"url\":\"https:\/\/www.geciclaw.com\/\",\"name\":\"Geci\u0107 Law\",\"description\":\"Advokatska kancelarija\",\"publisher\":{\"@id\":\"https:\/\/www.geciclaw.com\/#organization\"},\"potentialAction\":[{\"@type\":\"SearchAction\",\"target\":{\"@type\":\"EntryPoint\",\"urlTemplate\":\"https:\/\/www.geciclaw.com\/?s={search_term_string}\"},\"query-input\":{\"@type\":\"PropertyValueSpecification\",\"valueRequired\":true,\"valueName\":\"search_term_string\"}}],\"inLanguage\":\"sr-RS\"},{\"@type\":\"Organization\",\"@id\":\"https:\/\/www.geciclaw.com\/#organization\",\"name\":\"Geci\u0107 Law\",\"url\":\"https:\/\/www.geciclaw.com\/\",\"logo\":{\"@type\":\"ImageObject\",\"inLanguage\":\"sr-RS\",\"@id\":\"https:\/\/www.geciclaw.com\/#\/schema\/logo\/image\/\",\"url\":\"https:\/\/geciclaw.com\/wp-content\/uploads\/2021\/10\/1.png\",\"contentUrl\":\"https:\/\/geciclaw.com\/wp-content\/uploads\/2021\/10\/1.png\",\"width\":1000,\"height\":409,\"caption\":\"Geci\u0107 Law\"},\"image\":{\"@id\":\"https:\/\/www.geciclaw.com\/#\/schema\/logo\/image\/\"}}]}<\/script>\n<!-- \/ Yoast SEO plugin. -->","yoast_head_json":{"title":"Program prakse | Geci\u0107 Law","robots":{"index":"index","follow":"follow","max-snippet":"max-snippet:-1","max-image-preview":"max-image-preview:large","max-video-preview":"max-video-preview:-1"},"canonical":"https:\/\/www.geciclaw.com\/sr\/program-prakse\/","og_locale":"sr_RS","og_type":"article","og_title":"Program prakse | Geci\u0107 Law","og_description":"Advokatska kancelarija Geci\u0107 ohrabruje saradnike da preuzmu odgovornost za razvoj sopstvene karijere, ali im pru\u017ea i svu potrebnu podr\u0161ku u tome. Posve\u0107eni smo pru\u017eanju savetodavnih i stru\u010dnih usluga na najvi\u0161em nivou kako bismo postigli izvanredne rezultate za na\u0161e klijente. Stoga, na\u0161i kandidati moraju posedovati izvrsne akademske rezultate i odli\u010dne govorni\u010dke, interpersonalne i komunikacione ve\u0161tine. Posve\u0107eni smo razvoju izvanrednih advokata i ulaganju u na\u0161e saradnike. Advokatska kancelarija Geci\u0107 pru\u017ea saradnicima priliku da ulo\u017ee vreme i talente u re\u0161avanje va\u017enih i izazovnih pravnih pitanja, a da pritom rade u kolegijalnom okru\u017eenju uz kolege razli\u010ditih ve\u0161tina i porekla, ali sa zajedni\u010dkom posve\u0107eno\u0161\u0107u izvrsnosti [&hellip;]","og_url":"https:\/\/www.geciclaw.com\/sr\/program-prakse\/","og_site_name":"Geci\u0107 Law","article_modified_time":"2016-01-29T08:45:43+00:00","twitter_card":"summary_large_image","twitter_misc":{"Procenjeno vreme \u010ditanja":"1 minut"},"schema":{"@context":"https:\/\/schema.org","@graph":[{"@type":"WebPage","@id":"https:\/\/www.geciclaw.com\/sr\/program-prakse\/","url":"https:\/\/www.geciclaw.com\/sr\/program-prakse\/","name":"Program prakse | Geci\u0107 Law","isPartOf":{"@id":"https:\/\/www.geciclaw.com\/#website"},"datePublished":"2015-09-16T14:10:43+00:00","dateModified":"2016-01-29T08:45:43+00:00","breadcrumb":{"@id":"https:\/\/www.geciclaw.com\/sr\/program-prakse\/#breadcrumb"},"inLanguage":"sr-RS","potentialAction":[{"@type":"ReadAction","target":["https:\/\/www.geciclaw.com\/sr\/program-prakse\/"]}]},{"@type":"BreadcrumbList","@id":"https:\/\/www.geciclaw.com\/sr\/program-prakse\/#breadcrumb","itemListElement":[{"@type":"ListItem","position":1,"name":"Home","item":"https:\/\/www.geciclaw.com\/sr\/"},{"@type":"ListItem","position":2,"name":"Program prakse"}]},{"@type":"WebSite","@id":"https:\/\/www.geciclaw.com\/#website","url":"https:\/\/www.geciclaw.com\/","name":"Geci\u0107 Law","description":"Advokatska kancelarija","publisher":{"@id":"https:\/\/www.geciclaw.com\/#organization"},"potentialAction":[{"@type":"SearchAction","target":{"@type":"EntryPoint","urlTemplate":"https:\/\/www.geciclaw.com\/?s={search_term_string}"},"query-input":{"@type":"PropertyValueSpecification","valueRequired":true,"valueName":"search_term_string"}}],"inLanguage":"sr-RS"},{"@type":"Organization","@id":"https:\/\/www.geciclaw.com\/#organization","name":"Geci\u0107 Law","url":"https:\/\/www.geciclaw.com\/","logo":{"@type":"ImageObject","inLanguage":"sr-RS","@id":"https:\/\/www.geciclaw.com\/#\/schema\/logo\/image\/","url":"https:\/\/geciclaw.com\/wp-content\/uploads\/2021\/10\/1.png","contentUrl":"https:\/\/geciclaw.com\/wp-content\/uploads\/2021\/10\/1.png","width":1000,"height":409,"caption":"Geci\u0107 Law"},"image":{"@id":"https:\/\/www.geciclaw.com\/#\/schema\/logo\/image\/"}}]}},"_links":{"self":[{"href":"https:\/\/www.geciclaw.com\/sr\/wp-json\/wp\/v2\/pages\/3505","targetHints":{"allow":["GET"]}}],"collection":[{"href":"https:\/\/www.geciclaw.com\/sr\/wp-json\/wp\/v2\/pages"}],"about":[{"href":"https:\/\/www.geciclaw.com\/sr\/wp-json\/wp\/v2\/types\/page"}],"author":[{"embeddable":true,"href":"https:\/\/www.geciclaw.com\/sr\/wp-json\/wp\/v2\/users\/1"}],"replies":[{"embeddable":true,"href":"https:\/\/www.geciclaw.com\/sr\/wp-json\/wp\/v2\/comments?post=3505"}],"version-history":[{"count":4,"href":"https:\/\/www.geciclaw.com\/sr\/wp-json\/wp\/v2\/pages\/3505\/revisions"}],"predecessor-version":[{"id":3513,"href":"https:\/\/www.geciclaw.com\/sr\/wp-json\/wp\/v2\/pages\/3505\/revisions\/3513"}],"wp:attachment":[{"href":"https:\/\/www.geciclaw.com\/sr\/wp-json\/wp\/v2\/media?parent=3505"}],"curies":[{"name":"wp","href":"https:\/\/api.w.org\/{rel}","templated":true}]}}