{"id":3515,"date":"2015-09-16T14:10:05","date_gmt":"2015-09-16T14:10:05","guid":{"rendered":"http:\/\/www.geciclaw.com\/?page_id=3515"},"modified":"2016-01-29T09:49:52","modified_gmt":"2016-01-29T08:49:52","slug":"program-letnje-prakse","status":"publish","type":"page","link":"https:\/\/www.geciclaw.com\/sr\/program-letnje-prakse\/","title":{"rendered":"Program letnje prakse"},"content":{"rendered":"<p>Program letnje prakse u advokatskoj kancelariji Geci\u0107 Law osmi\u0161ljen je kao izazovna prilika za izuzetne studente prava koji \u017eele da sagledaju na\u010din rada i kulturu na\u0161e kancelarije.<\/p>\n<p>Ovaj program osmi\u0161ljen je tako da se na\u0161im letnjim praktikantima omogu\u0107i jasan uvid u to ko smo mi, \u010dime se bavimo i kako bi izgledalo baviti se advokaturom u na\u0161oj kancelariji.\u00a0 Kao takav, program je usredsre\u0111en na direktno prakti\u010dno iskustvo, obuku koja razvija profesionalne ve\u0161tine i socijalne aktivnosti koje omogu\u0107avaju letnjim praktikantima da upoznaju na\u0161e advokate i zaposlene, kao i na\u0161 grad.<\/p>\n<p>Tokom Letnjeg programa, kancelarija Vam pru\u017ea brojne prilike da u\u010dite kroz na\u0161u izvrsnu obuku, upoznate na\u0161e advokate i steknete bolje razumevanje na\u0161e poslovne kulture.<\/p>\n<p>Mi podsti\u010demo letnje praktikante da istra\u017ee niz pravnih oblasti uz maksimalnu fleksibilnost.\u00a0 Na\u0161 cilj je da pru\u017eimo letnjim praktikantima iskustvo koje je najpribli\u017enije iskustvu novog saradnika, pa im se stoga pru\u017ea mogu\u0107nost da rade na teku\u0107im poslovima za stvarne klijente.\u00a0 Mi ula\u017eemo sve napore da letnje praktikante izlo\u017eimo svim aspektima na\u0161e prakse i da ih aktivno uklju\u010dimo u pregovore, sastanke s klijentima, de\u0161avanja u sudnici, i putovanja. Projekti se dodeljuju u procesu koji nadgleda mala grupa iskusnih koordinatora rada saradnika, koji prikupljaju i distribuiraju projekte, pri \u010demu im je cilj uvek da svaki projekat odgovara interesovanjima konkretnog letnjeg praktikanta. Uobi\u010dajeno je da tim partnera i saradnika nastupa u savetodavnoj ulozi \u2014 oni usmeravaju projekte, iznose komentare na obavljeni rad, predstavljaju letnje praktikante drugim zaposlenima i odgovaraju na pitanja. Kroz taj proces, letnji praktikanti se ranije izla\u017eu ve\u0107em broju ljudi i pravnih oblasti i otkrivaju kako zapravo izgleda na\u0161a kultura.<\/p>\n","protected":false},"excerpt":{"rendered":"<p>Program letnje prakse u advokatskoj kancelariji Geci\u0107 Law osmi\u0161ljen je kao izazovna prilika za izuzetne studente prava koji \u017eele da sagledaju na\u010din rada i kulturu na\u0161e kancelarije. Ovaj program osmi\u0161ljen je tako da se na\u0161im letnjim praktikantima omogu\u0107i jasan uvid u to ko smo mi, \u010dime se bavimo i kako bi izgledalo baviti se advokaturom u na\u0161oj kancelariji.\u00a0 Kao takav, program je usredsre\u0111en na direktno prakti\u010dno iskustvo, obuku koja razvija profesionalne ve\u0161tine i socijalne aktivnosti koje omogu\u0107avaju letnjim praktikantima da upoznaju na\u0161e advokate i zaposlene, kao i na\u0161 grad. Tokom Letnjeg programa, kancelarija Vam pru\u017ea brojne prilike da u\u010dite kroz [&hellip;]<\/p>\n","protected":false},"author":1,"featured_media":0,"parent":0,"menu_order":0,"comment_status":"closed","ping_status":"open","template":"","meta":{"om_disable_all_campaigns":false,"footnotes":""},"class_list":["post-3515","page","type-page","status-publish","hentry"],"acf":[],"yoast_head":"<!-- This site is optimized with the Yoast SEO plugin v25.5 - https:\/\/yoast.com\/wordpress\/plugins\/seo\/ -->\n<title>Program letnje prakse | Geci\u0107 Law<\/title>\n<meta name=\"robots\" content=\"index, follow, max-snippet:-1, max-image-preview:large, max-video-preview:-1\" \/>\n<link rel=\"canonical\" href=\"https:\/\/www.geciclaw.com\/sr\/program-letnje-prakse\/\" \/>\n<meta property=\"og:locale\" content=\"sr_RS\" \/>\n<meta property=\"og:type\" content=\"article\" \/>\n<meta property=\"og:title\" content=\"Program letnje prakse | Geci\u0107 Law\" \/>\n<meta property=\"og:description\" content=\"Program letnje prakse u advokatskoj kancelariji Geci\u0107 Law osmi\u0161ljen je kao izazovna prilika za izuzetne studente prava koji \u017eele da sagledaju na\u010din rada i kulturu na\u0161e kancelarije. Ovaj program osmi\u0161ljen je tako da se na\u0161im letnjim praktikantima omogu\u0107i jasan uvid u to ko smo mi, \u010dime se bavimo i kako bi izgledalo baviti se advokaturom u na\u0161oj kancelariji.\u00a0 Kao takav, program je usredsre\u0111en na direktno prakti\u010dno iskustvo, obuku koja razvija profesionalne ve\u0161tine i socijalne aktivnosti koje omogu\u0107avaju letnjim praktikantima da upoznaju na\u0161e advokate i zaposlene, kao i na\u0161 grad. Tokom Letnjeg programa, kancelarija Vam pru\u017ea brojne prilike da u\u010dite kroz [&hellip;]\" \/>\n<meta property=\"og:url\" content=\"https:\/\/www.geciclaw.com\/sr\/program-letnje-prakse\/\" \/>\n<meta property=\"og:site_name\" content=\"Geci\u0107 Law\" \/>\n<meta property=\"article:modified_time\" content=\"2016-01-29T08:49:52+00:00\" \/>\n<meta name=\"twitter:card\" content=\"summary_large_image\" \/>\n<meta name=\"twitter:label1\" content=\"Procenjeno vreme \u010ditanja\" \/>\n\t<meta name=\"twitter:data1\" content=\"1 minut\" \/>\n<script type=\"application\/ld+json\" class=\"yoast-schema-graph\">{\"@context\":\"https:\/\/schema.org\",\"@graph\":[{\"@type\":\"WebPage\",\"@id\":\"https:\/\/www.geciclaw.com\/sr\/program-letnje-prakse\/\",\"url\":\"https:\/\/www.geciclaw.com\/sr\/program-letnje-prakse\/\",\"name\":\"Program letnje prakse | Geci\u0107 Law\",\"isPartOf\":{\"@id\":\"https:\/\/www.geciclaw.com\/#website\"},\"datePublished\":\"2015-09-16T14:10:05+00:00\",\"dateModified\":\"2016-01-29T08:49:52+00:00\",\"breadcrumb\":{\"@id\":\"https:\/\/www.geciclaw.com\/sr\/program-letnje-prakse\/#breadcrumb\"},\"inLanguage\":\"sr-RS\",\"potentialAction\":[{\"@type\":\"ReadAction\",\"target\":[\"https:\/\/www.geciclaw.com\/sr\/program-letnje-prakse\/\"]}]},{\"@type\":\"BreadcrumbList\",\"@id\":\"https:\/\/www.geciclaw.com\/sr\/program-letnje-prakse\/#breadcrumb\",\"itemListElement\":[{\"@type\":\"ListItem\",\"position\":1,\"name\":\"Home\",\"item\":\"https:\/\/www.geciclaw.com\/sr\/\"},{\"@type\":\"ListItem\",\"position\":2,\"name\":\"Program letnje prakse\"}]},{\"@type\":\"WebSite\",\"@id\":\"https:\/\/www.geciclaw.com\/#website\",\"url\":\"https:\/\/www.geciclaw.com\/\",\"name\":\"Geci\u0107 Law\",\"description\":\"Advokatska kancelarija\",\"publisher\":{\"@id\":\"https:\/\/www.geciclaw.com\/#organization\"},\"potentialAction\":[{\"@type\":\"SearchAction\",\"target\":{\"@type\":\"EntryPoint\",\"urlTemplate\":\"https:\/\/www.geciclaw.com\/?s={search_term_string}\"},\"query-input\":{\"@type\":\"PropertyValueSpecification\",\"valueRequired\":true,\"valueName\":\"search_term_string\"}}],\"inLanguage\":\"sr-RS\"},{\"@type\":\"Organization\",\"@id\":\"https:\/\/www.geciclaw.com\/#organization\",\"name\":\"Geci\u0107 Law\",\"url\":\"https:\/\/www.geciclaw.com\/\",\"logo\":{\"@type\":\"ImageObject\",\"inLanguage\":\"sr-RS\",\"@id\":\"https:\/\/www.geciclaw.com\/#\/schema\/logo\/image\/\",\"url\":\"https:\/\/geciclaw.com\/wp-content\/uploads\/2021\/10\/1.png\",\"contentUrl\":\"https:\/\/geciclaw.com\/wp-content\/uploads\/2021\/10\/1.png\",\"width\":1000,\"height\":409,\"caption\":\"Geci\u0107 Law\"},\"image\":{\"@id\":\"https:\/\/www.geciclaw.com\/#\/schema\/logo\/image\/\"}}]}<\/script>\n<!-- \/ Yoast SEO plugin. -->","yoast_head_json":{"title":"Program letnje prakse | Geci\u0107 Law","robots":{"index":"index","follow":"follow","max-snippet":"max-snippet:-1","max-image-preview":"max-image-preview:large","max-video-preview":"max-video-preview:-1"},"canonical":"https:\/\/www.geciclaw.com\/sr\/program-letnje-prakse\/","og_locale":"sr_RS","og_type":"article","og_title":"Program letnje prakse | Geci\u0107 Law","og_description":"Program letnje prakse u advokatskoj kancelariji Geci\u0107 Law osmi\u0161ljen je kao izazovna prilika za izuzetne studente prava koji \u017eele da sagledaju na\u010din rada i kulturu na\u0161e kancelarije. Ovaj program osmi\u0161ljen je tako da se na\u0161im letnjim praktikantima omogu\u0107i jasan uvid u to ko smo mi, \u010dime se bavimo i kako bi izgledalo baviti se advokaturom u na\u0161oj kancelariji.\u00a0 Kao takav, program je usredsre\u0111en na direktno prakti\u010dno iskustvo, obuku koja razvija profesionalne ve\u0161tine i socijalne aktivnosti koje omogu\u0107avaju letnjim praktikantima da upoznaju na\u0161e advokate i zaposlene, kao i na\u0161 grad. Tokom Letnjeg programa, kancelarija Vam pru\u017ea brojne prilike da u\u010dite kroz [&hellip;]","og_url":"https:\/\/www.geciclaw.com\/sr\/program-letnje-prakse\/","og_site_name":"Geci\u0107 Law","article_modified_time":"2016-01-29T08:49:52+00:00","twitter_card":"summary_large_image","twitter_misc":{"Procenjeno vreme \u010ditanja":"1 minut"},"schema":{"@context":"https:\/\/schema.org","@graph":[{"@type":"WebPage","@id":"https:\/\/www.geciclaw.com\/sr\/program-letnje-prakse\/","url":"https:\/\/www.geciclaw.com\/sr\/program-letnje-prakse\/","name":"Program letnje prakse | Geci\u0107 Law","isPartOf":{"@id":"https:\/\/www.geciclaw.com\/#website"},"datePublished":"2015-09-16T14:10:05+00:00","dateModified":"2016-01-29T08:49:52+00:00","breadcrumb":{"@id":"https:\/\/www.geciclaw.com\/sr\/program-letnje-prakse\/#breadcrumb"},"inLanguage":"sr-RS","potentialAction":[{"@type":"ReadAction","target":["https:\/\/www.geciclaw.com\/sr\/program-letnje-prakse\/"]}]},{"@type":"BreadcrumbList","@id":"https:\/\/www.geciclaw.com\/sr\/program-letnje-prakse\/#breadcrumb","itemListElement":[{"@type":"ListItem","position":1,"name":"Home","item":"https:\/\/www.geciclaw.com\/sr\/"},{"@type":"ListItem","position":2,"name":"Program letnje prakse"}]},{"@type":"WebSite","@id":"https:\/\/www.geciclaw.com\/#website","url":"https:\/\/www.geciclaw.com\/","name":"Geci\u0107 Law","description":"Advokatska kancelarija","publisher":{"@id":"https:\/\/www.geciclaw.com\/#organization"},"potentialAction":[{"@type":"SearchAction","target":{"@type":"EntryPoint","urlTemplate":"https:\/\/www.geciclaw.com\/?s={search_term_string}"},"query-input":{"@type":"PropertyValueSpecification","valueRequired":true,"valueName":"search_term_string"}}],"inLanguage":"sr-RS"},{"@type":"Organization","@id":"https:\/\/www.geciclaw.com\/#organization","name":"Geci\u0107 Law","url":"https:\/\/www.geciclaw.com\/","logo":{"@type":"ImageObject","inLanguage":"sr-RS","@id":"https:\/\/www.geciclaw.com\/#\/schema\/logo\/image\/","url":"https:\/\/geciclaw.com\/wp-content\/uploads\/2021\/10\/1.png","contentUrl":"https:\/\/geciclaw.com\/wp-content\/uploads\/2021\/10\/1.png","width":1000,"height":409,"caption":"Geci\u0107 Law"},"image":{"@id":"https:\/\/www.geciclaw.com\/#\/schema\/logo\/image\/"}}]}},"_links":{"self":[{"href":"https:\/\/www.geciclaw.com\/sr\/wp-json\/wp\/v2\/pages\/3515","targetHints":{"allow":["GET"]}}],"collection":[{"href":"https:\/\/www.geciclaw.com\/sr\/wp-json\/wp\/v2\/pages"}],"about":[{"href":"https:\/\/www.geciclaw.com\/sr\/wp-json\/wp\/v2\/types\/page"}],"author":[{"embeddable":true,"href":"https:\/\/www.geciclaw.com\/sr\/wp-json\/wp\/v2\/users\/1"}],"replies":[{"embeddable":true,"href":"https:\/\/www.geciclaw.com\/sr\/wp-json\/wp\/v2\/comments?post=3515"}],"version-history":[{"count":3,"href":"https:\/\/www.geciclaw.com\/sr\/wp-json\/wp\/v2\/pages\/3515\/revisions"}],"predecessor-version":[{"id":3521,"href":"https:\/\/www.geciclaw.com\/sr\/wp-json\/wp\/v2\/pages\/3515\/revisions\/3521"}],"wp:attachment":[{"href":"https:\/\/www.geciclaw.com\/sr\/wp-json\/wp\/v2\/media?parent=3515"}],"curies":[{"name":"wp","href":"https:\/\/api.w.org\/{rel}","templated":true}]}}