{"id":5717,"date":"2019-10-30T09:23:15","date_gmt":"2019-10-30T08:23:15","guid":{"rendered":"http:\/\/www.geciclaw.com\/?page_id=5717"},"modified":"2025-12-11T10:44:11","modified_gmt":"2025-12-11T09:44:11","slug":"taborosi-stipendija","status":"publish","type":"page","link":"https:\/\/www.geciclaw.com\/sr\/taborosi-stipendija\/","title":{"rendered":"Taboro\u0161i Stipendija 2025"},"content":{"rendered":"<h2><strong>O stipendiji<\/strong><\/h2>\n<p>Taboro\u0161i Stipendija ustanovljena je znak u se\u0107anja na li\u010dnost i delo profesora Svetislava Taboro\u0161ija, kako bi se pru\u017eio doprinos daljem razvoju oblasti u kojima je profesor ostavio neizbrisiv trag \u2013 istra\u017eivanje uloge prava u regulisanju privrednih tokova i promocije nau\u010dno-istra\u017eiva\u010dkog rada me\u0111u studentima koji su odlu\u010dili da se specijalizuju za oblast prava i ekonomije. Taboro\u0161i stipendija pokrenuta je od strane biv\u0161ih studenata Univerziteta u Beogradu koji \u017eele da u znak se\u0107anja na svog mentora podr\u017ee studente koji predstavljaju budu\u0107nost srpske nauke i dru\u0161tva.<\/p>\n<p>\u201eOvo je veoma va\u017ean i jedinstven doga\u0111aj jer su studenti osnovali fondaciju svom profesoru. Mogu slobodno da ka\u017eem da je ovo jedan od najlep\u0161ih trenutaka za mene, da gledam kako se studenti odu\u017euju svojim profesorima i to tako \u0161to svojim mla\u0111im kolegama pru\u017eaju priliku za usavr\u0161avanje. To je velika motivacija i za pobednika ali i za sve u\u010desnike jer su ovakvi konkursi kao Olimpijske igre, nije va\u017eno pobediti ve\u0107 u\u010destvovati,\u201c rekao je Sima Avramovi\u0107, biv\u0161i dekan Pravnog fakulteta Univerziteta u Beogradu, prilikom dodele prve Taboro\u0161i stipendije.<\/p>\n<h2><strong>Stipendija za 2025\/2026. godinu<\/strong><\/h2>\n<p>Nagradni fond stipendije \u201eTaboro\u0161i stipendija\u201c obezbe\u0111uju porodica Taboro\u0161i i Advokatska kancelarija Geci\u0107 Law. Ukupan nagradni fond stipendije iznosi\u00a0<strong>EUR 2.000<\/strong>\u00a0(koji \u0107e biti ispla\u0107en u dinarskoj protivvrednosti izra\u010dunatoj po srednjem kursu Narodne banke Srbije na dan uplate).<br \/>\nPeriod za koji se stipendija dodeljuje je od januara 2026. godine zaklju\u010dno sa decembrom 2026. godine, a pravo na u\u010de\u0161\u0107e na konkursu imaju svi studenti:<\/p>\n<ul style=\"padding-left: 30px;\">\n<li style=\"list-style-type: disc;\">Koji su 2025. godine prvi put upisani na 4. godinu osnovnih akademskih studija na jednom od dr\u017eavnih pravnih fakulteta u Srbiji; i<\/li>\n<li style=\"list-style-type: disc;\">Koji su u dosada\u0161njem studiranju ostvarili prosek ocena od najmanje 8,5 (osam zarez pet).<\/li>\n<\/ul>\n<p>Nagradni fond \u0107e biti raspore\u0111en na jednu ili vi\u0161e stipendija na osnovu ocene date od strane komisije sa\u010dinjene od \u010dlanova porodice Taboro\u0161i, profesora Pravnog fakulteta Univerziteta u Beogradu i advokata specijalizovanih za oblast privrednog prava. Komisija \u0107e oceniti kandidate rukovode\u0107i se prevashodno:<\/p>\n<p>Kvalitetom eseja na temu:<br \/>\n<strong><i style=\"font-style: italic;\">\u201eVe\u0161ta\u010dka inteligencija kao element u okviru sudske, izvr\u0161ne ili zakonodavne vlasti Republike Srbije \u2013 pravni okvir, granice autonomije i mehanizmi odgovornosti\u201c<\/i><\/strong><\/p>\n<p>Posve\u0107eno\u0161\u0107u kandidata istra\u017eiva\u010dkom radu u oblasti privrednog prava tokom studija i obrazlo\u017eenim planom da karijeru posveti radu u privrednoj advokaturi i\/ili nau\u010dno-istra\u017eiva\u010dkom radu u oblasti privrednog prava.<\/p>\n<h4><strong>Radionica o primeni ve\u0161ta\u010dke inteligencije u oblasti prava<\/strong><\/h4>\n<p>Po prvi put \u0107e ove godine \u0107e biti odr\u017eana <strong>radionica<\/strong> o upotrebi ve\u0161ta\u010dke inteligencije u oblasti prava. Radionica \u0107e studentima omogu\u0107iti da se upoznaju sa najnovijim AI alatima i metodama. Kandidati se mogu prijaviti za radionicu putem slede\u0107eg <strong><a href=\"https:\/\/docs.google.com\/forms\/d\/e\/1FAIpQLSf-GGW8K7oBiALWWLV058hjZ5q5sxxTAfJFVXTvzocCb1eBxQ\/viewform?usp=header\">onlajn obrasca<\/a><\/strong>.<\/p>\n<h4><strong>Va\u017eni datumi<\/strong>\u00a0<sup>1<\/sup><\/h4>\n<ul style=\"padding-left: 30px;\">\n<li style=\"list-style-type: disc;\">Rok za prijavu za radionicu: <strong>1. decembar 2025.<\/strong><\/li>\n<li style=\"list-style-type: disc;\">Radionica o upotrebi ve\u0161ta\u010dke inteligencije u oblasti prava: <strong>5. decembar 2025<\/strong><\/li>\n<li style=\"list-style-type: disc;\">Rok za podno\u0161enje dokumentacije (definisane uslovima konkursa) je <strong>30.12.2025.<\/strong>\u00a0godine;<\/li>\n<li style=\"list-style-type: disc;\">Po isteku roka za podno\u0161enje dokumentacije, u\u017ei krug kandidata \u0107e biti pozvan na intervju sa komisijom;<\/li>\n<li style=\"list-style-type: disc;\">Odluka o izboru najboljeg kandidata ili vi\u0161e kandidata bi\u0107e objavljena\u00a0<strong>19.01.2026.<\/strong>\u00a0godine, na sajtu advokatske kancelarije Geci\u0107 Law;<\/li>\n<li style=\"list-style-type: disc;\">Stipendije \u0107e izabranim kandidatima biti dodeljene\u00a0nakon\u00a0tog datuma.<\/li>\n<\/ul>\n<p><sup>1<\/sup>\u00a0Navedeni rokovi su podlo\u017eni izmenama u skladu sa uslovima konkursa.<\/p>\n<p>Osoba zadu\u017eena za organizaciju \u201eTaboro\u0161i stipendije\u201c u advokatskoj kancelariji Geci\u0107 Law, kojoj se mo\u017eete obratiti za sva pitanja u vezi sa stipendijom je:<\/p>\n<p><strong>Jelena Arsi\u0107<\/strong><br \/>\nE-mail:\u00a0<a href=\"mailto:jelena.arsic@geciclaw.com\">jelena.arsic@geciclaw.com<\/a><br \/>\nTel:\u00a0<a href=\"tel:+38163430808\">+381 63 430 808<\/a><\/p>\n<p>&nbsp;<\/p>\n<p>Detaljne uslove konkursa i konkursnu dokumentaciju mo\u017eete preuzeti klikom na polja ispod.<\/p>\n<p>&nbsp;<\/p>\n<div class=\"rtbs  rtbs_taborosi-stipendija\"><div class=\"rtbs_slug\" style=\"display:none\">taborosi-stipendija<\/div><div class=\"rtbs_inactive_tab_background\" style=\"display:none\">transparent<\/div><div class=\"rtbs_breakpoint\" style=\"display:none\">600<\/div><div class=\"rtbs_color\" style=\"display:none\">#12bece<\/div>\r\n        <div class=\"rtbs_menu\">\r\n            <ul>\r\n                <li class=\"mobile_toggle\">&zwnj;<\/li><li class=\"current\"><a style=\"background:#12bece\" class=\"active taborosi-stipendija-tab-link-0\" href=\"#\" data-tab=\"#taborosi-stipendija-tab-0\">Uslovi konkursa 2025\/26<\/a><\/li><li><a href=\"#\" data-tab=\"#taborosi-stipendija-tab-1\" class=\"taborosi-stipendija-tab-link-1\">Pravilnik za izradu radova 2025\/26<\/a><\/li><li><a href=\"#\" data-tab=\"#taborosi-stipendija-tab-2\" class=\"taborosi-stipendija-tab-link-2\">Obrazac A<\/a><\/li><li><a href=\"#\" data-tab=\"#taborosi-stipendija-tab-3\" class=\"taborosi-stipendija-tab-link-3\">Instrukcije za pisanje eseja<\/a><\/li><li><a href=\"#\" data-tab=\"#taborosi-stipendija-tab-4\" class=\"taborosi-stipendija-tab-link-4\">Obave\u0161tenje o obradi podataka o li\u010dnosti<\/a><\/li>\r\n            <\/ul>\r\n        <\/div><div style=\"border-top:7px solid #12bece;\" id=\"taborosi-stipendija-tab-0\" class=\"rtbs_content active\"><p><a href=\"\/wp-content\/uploads\/2025\/12\/Uslovi-konkursa_2025_12.pdf\" target=\"_blank\" rel=\"noopener\"><img decoding=\"async\" data-src=\"http:\/\/www.geciclaw.com\/wp-content\/uploads\/2016\/09\/pdf.png\" class=\"img-responsive ls-is-cached lazyloaded\" src=\"http:\/\/www.geciclaw.com\/wp-content\/uploads\/2016\/09\/pdf.png\"><\/a><\/p>\n<div style=\"margin-top:30px; clear:both;\"><\/div><\/div><div style=\"border-top:7px solid #12bece;\" id=\"taborosi-stipendija-tab-1\" class=\"rtbs_content\"><p><a href=\"\/wp-content\/uploads\/2025\/11\/Pravilnik-za-izradu-radova-2025.pdf\" target=\"_blank\" rel=\"noopener\"><img decoding=\"async\" data-src=\"http:\/\/www.geciclaw.com\/wp-content\/uploads\/2016\/09\/pdf.png\" class=\"img-responsive ls-is-cached lazyloaded\" src=\"http:\/\/www.geciclaw.com\/wp-content\/uploads\/2016\/09\/pdf.png\"><\/a><\/p>\n<div style=\"margin-top:30px; clear:both;\"><\/div><\/div><div style=\"border-top:7px solid #12bece;\" id=\"taborosi-stipendija-tab-2\" class=\"rtbs_content\"><p><a href=\"\/wp-content\/uploads\/2025\/11\/Obrazac-A.pdf\" target=\"_blank\" rel=\"noopener\"><img decoding=\"async\" data-src=\"http:\/\/www.geciclaw.com\/wp-content\/uploads\/2016\/09\/pdf.png\" class=\"img-responsive ls-is-cached lazyloaded\" src=\"http:\/\/www.geciclaw.com\/wp-content\/uploads\/2016\/09\/pdf.png\"><\/a><\/p>\n<div style=\"margin-top:30px; clear:both;\"><\/div><\/div><div style=\"border-top:7px solid #12bece;\" id=\"taborosi-stipendija-tab-3\" class=\"rtbs_content\"><p><a href=\"\/wp-content\/uploads\/2025\/11\/Instrukcije-za-pisanje-eseja-1.pdf\" target=\"_blank\" rel=\"noopener\"><img decoding=\"async\" data-src=\"http:\/\/www.geciclaw.com\/wp-content\/uploads\/2016\/09\/pdf.png\" class=\"img-responsive ls-is-cached lazyloaded\" src=\"http:\/\/www.geciclaw.com\/wp-content\/uploads\/2016\/09\/pdf.png\"><\/a><\/p>\n<div style=\"margin-top:30px; clear:both;\"><\/div><\/div><div style=\"border-top:7px solid #12bece;\" id=\"taborosi-stipendija-tab-4\" class=\"rtbs_content\"><p><a href=\"\/wp-content\/uploads\/2025\/11\/Taborosi_OBAVESTENJE-O-OBRADI-PODATAKA-O-LICNOSTI-_Gecic-Law.pdf\" target=\"_blank\" rel=\"noopener\"><img decoding=\"async\" data-src=\"http:\/\/www.geciclaw.com\/wp-content\/uploads\/2016\/09\/pdf.png\" class=\"img-responsive ls-is-cached lazyloaded\" src=\"http:\/\/www.geciclaw.com\/wp-content\/uploads\/2016\/09\/pdf.png\"><\/a><\/p>\n<div style=\"margin-top:30px; clear:both;\"><\/div><\/div>\r\n    <\/div>\r\n    \n<p>&nbsp;<\/p>\n","protected":false},"excerpt":{"rendered":"<p>O stipendiji Taboro\u0161i Stipendija ustanovljena je znak u se\u0107anja na li\u010dnost i delo profesora Svetislava Taboro\u0161ija, kako bi se pru\u017eio doprinos daljem razvoju oblasti u kojima je profesor ostavio neizbrisiv trag \u2013 istra\u017eivanje uloge prava u regulisanju privrednih tokova i promocije nau\u010dno-istra\u017eiva\u010dkog rada me\u0111u studentima koji su odlu\u010dili da se specijalizuju za oblast prava i ekonomije. Taboro\u0161i stipendija pokrenuta je od strane biv\u0161ih studenata Univerziteta u Beogradu koji \u017eele da u znak se\u0107anja na svog mentora podr\u017ee studente koji predstavljaju budu\u0107nost srpske nauke i dru\u0161tva. \u201eOvo je veoma va\u017ean i jedinstven doga\u0111aj jer su studenti osnovali fondaciju svom profesoru. Mogu [&hellip;]<\/p>\n","protected":false},"author":1,"featured_media":0,"parent":0,"menu_order":0,"comment_status":"closed","ping_status":"closed","template":"template-stipendija.php","meta":{"om_disable_all_campaigns":false,"footnotes":""},"class_list":["post-5717","page","type-page","status-publish","hentry"],"acf":[],"yoast_head":"<!-- This site is optimized with the Yoast SEO plugin v25.5 - https:\/\/yoast.com\/wordpress\/plugins\/seo\/ -->\n<title>Taborosi Stipendija<\/title>\n<meta name=\"description\" content=\"Taborosi Stipendija\" \/>\n<meta name=\"robots\" content=\"index, follow, max-snippet:-1, max-image-preview:large, max-video-preview:-1\" \/>\n<link rel=\"canonical\" href=\"https:\/\/www.geciclaw.com\/sr\/taborosi-stipendija\/\" \/>\n<meta property=\"og:locale\" content=\"sr_RS\" \/>\n<meta property=\"og:type\" content=\"article\" \/>\n<meta property=\"og:title\" content=\"Taborosi Stipendija\" \/>\n<meta property=\"og:description\" content=\"Taborosi Stipendija\" \/>\n<meta property=\"og:url\" content=\"https:\/\/www.geciclaw.com\/sr\/taborosi-stipendija\/\" \/>\n<meta property=\"og:site_name\" content=\"Geci\u0107 Law\" \/>\n<meta property=\"article:modified_time\" content=\"2025-12-11T09:44:11+00:00\" \/>\n<meta name=\"twitter:card\" content=\"summary_large_image\" \/>\n<meta name=\"twitter:label1\" content=\"Procenjeno vreme \u010ditanja\" \/>\n\t<meta name=\"twitter:data1\" content=\"3 minuta\" \/>\n<script type=\"application\/ld+json\" class=\"yoast-schema-graph\">{\"@context\":\"https:\/\/schema.org\",\"@graph\":[{\"@type\":\"WebPage\",\"@id\":\"https:\/\/www.geciclaw.com\/sr\/taborosi-stipendija\/\",\"url\":\"https:\/\/www.geciclaw.com\/sr\/taborosi-stipendija\/\",\"name\":\"Taborosi Stipendija\",\"isPartOf\":{\"@id\":\"https:\/\/www.geciclaw.com\/#website\"},\"datePublished\":\"2019-10-30T08:23:15+00:00\",\"dateModified\":\"2025-12-11T09:44:11+00:00\",\"description\":\"Taborosi Stipendija\",\"breadcrumb\":{\"@id\":\"https:\/\/www.geciclaw.com\/sr\/taborosi-stipendija\/#breadcrumb\"},\"inLanguage\":\"sr-RS\",\"potentialAction\":[{\"@type\":\"ReadAction\",\"target\":[\"https:\/\/www.geciclaw.com\/sr\/taborosi-stipendija\/\"]}]},{\"@type\":\"BreadcrumbList\",\"@id\":\"https:\/\/www.geciclaw.com\/sr\/taborosi-stipendija\/#breadcrumb\",\"itemListElement\":[{\"@type\":\"ListItem\",\"position\":1,\"name\":\"Home\",\"item\":\"https:\/\/www.geciclaw.com\/sr\/\"},{\"@type\":\"ListItem\",\"position\":2,\"name\":\"Taboro\u0161i Stipendija 2025\"}]},{\"@type\":\"WebSite\",\"@id\":\"https:\/\/www.geciclaw.com\/#website\",\"url\":\"https:\/\/www.geciclaw.com\/\",\"name\":\"Geci\u0107 Law\",\"description\":\"Advokatska kancelarija\",\"publisher\":{\"@id\":\"https:\/\/www.geciclaw.com\/#organization\"},\"potentialAction\":[{\"@type\":\"SearchAction\",\"target\":{\"@type\":\"EntryPoint\",\"urlTemplate\":\"https:\/\/www.geciclaw.com\/?s={search_term_string}\"},\"query-input\":{\"@type\":\"PropertyValueSpecification\",\"valueRequired\":true,\"valueName\":\"search_term_string\"}}],\"inLanguage\":\"sr-RS\"},{\"@type\":\"Organization\",\"@id\":\"https:\/\/www.geciclaw.com\/#organization\",\"name\":\"Geci\u0107 Law\",\"url\":\"https:\/\/www.geciclaw.com\/\",\"logo\":{\"@type\":\"ImageObject\",\"inLanguage\":\"sr-RS\",\"@id\":\"https:\/\/www.geciclaw.com\/#\/schema\/logo\/image\/\",\"url\":\"https:\/\/geciclaw.com\/wp-content\/uploads\/2021\/10\/1.png\",\"contentUrl\":\"https:\/\/geciclaw.com\/wp-content\/uploads\/2021\/10\/1.png\",\"width\":1000,\"height\":409,\"caption\":\"Geci\u0107 Law\"},\"image\":{\"@id\":\"https:\/\/www.geciclaw.com\/#\/schema\/logo\/image\/\"}}]}<\/script>\n<!-- \/ Yoast SEO plugin. -->","yoast_head_json":{"title":"Taborosi Stipendija","description":"Taborosi Stipendija","robots":{"index":"index","follow":"follow","max-snippet":"max-snippet:-1","max-image-preview":"max-image-preview:large","max-video-preview":"max-video-preview:-1"},"canonical":"https:\/\/www.geciclaw.com\/sr\/taborosi-stipendija\/","og_locale":"sr_RS","og_type":"article","og_title":"Taborosi Stipendija","og_description":"Taborosi Stipendija","og_url":"https:\/\/www.geciclaw.com\/sr\/taborosi-stipendija\/","og_site_name":"Geci\u0107 Law","article_modified_time":"2025-12-11T09:44:11+00:00","twitter_card":"summary_large_image","twitter_misc":{"Procenjeno vreme \u010ditanja":"3 minuta"},"schema":{"@context":"https:\/\/schema.org","@graph":[{"@type":"WebPage","@id":"https:\/\/www.geciclaw.com\/sr\/taborosi-stipendija\/","url":"https:\/\/www.geciclaw.com\/sr\/taborosi-stipendija\/","name":"Taborosi Stipendija","isPartOf":{"@id":"https:\/\/www.geciclaw.com\/#website"},"datePublished":"2019-10-30T08:23:15+00:00","dateModified":"2025-12-11T09:44:11+00:00","description":"Taborosi Stipendija","breadcrumb":{"@id":"https:\/\/www.geciclaw.com\/sr\/taborosi-stipendija\/#breadcrumb"},"inLanguage":"sr-RS","potentialAction":[{"@type":"ReadAction","target":["https:\/\/www.geciclaw.com\/sr\/taborosi-stipendija\/"]}]},{"@type":"BreadcrumbList","@id":"https:\/\/www.geciclaw.com\/sr\/taborosi-stipendija\/#breadcrumb","itemListElement":[{"@type":"ListItem","position":1,"name":"Home","item":"https:\/\/www.geciclaw.com\/sr\/"},{"@type":"ListItem","position":2,"name":"Taboro\u0161i Stipendija 2025"}]},{"@type":"WebSite","@id":"https:\/\/www.geciclaw.com\/#website","url":"https:\/\/www.geciclaw.com\/","name":"Geci\u0107 Law","description":"Advokatska kancelarija","publisher":{"@id":"https:\/\/www.geciclaw.com\/#organization"},"potentialAction":[{"@type":"SearchAction","target":{"@type":"EntryPoint","urlTemplate":"https:\/\/www.geciclaw.com\/?s={search_term_string}"},"query-input":{"@type":"PropertyValueSpecification","valueRequired":true,"valueName":"search_term_string"}}],"inLanguage":"sr-RS"},{"@type":"Organization","@id":"https:\/\/www.geciclaw.com\/#organization","name":"Geci\u0107 Law","url":"https:\/\/www.geciclaw.com\/","logo":{"@type":"ImageObject","inLanguage":"sr-RS","@id":"https:\/\/www.geciclaw.com\/#\/schema\/logo\/image\/","url":"https:\/\/geciclaw.com\/wp-content\/uploads\/2021\/10\/1.png","contentUrl":"https:\/\/geciclaw.com\/wp-content\/uploads\/2021\/10\/1.png","width":1000,"height":409,"caption":"Geci\u0107 Law"},"image":{"@id":"https:\/\/www.geciclaw.com\/#\/schema\/logo\/image\/"}}]}},"_links":{"self":[{"href":"https:\/\/www.geciclaw.com\/sr\/wp-json\/wp\/v2\/pages\/5717","targetHints":{"allow":["GET"]}}],"collection":[{"href":"https:\/\/www.geciclaw.com\/sr\/wp-json\/wp\/v2\/pages"}],"about":[{"href":"https:\/\/www.geciclaw.com\/sr\/wp-json\/wp\/v2\/types\/page"}],"author":[{"embeddable":true,"href":"https:\/\/www.geciclaw.com\/sr\/wp-json\/wp\/v2\/users\/1"}],"replies":[{"embeddable":true,"href":"https:\/\/www.geciclaw.com\/sr\/wp-json\/wp\/v2\/comments?post=5717"}],"version-history":[{"count":78,"href":"https:\/\/www.geciclaw.com\/sr\/wp-json\/wp\/v2\/pages\/5717\/revisions"}],"predecessor-version":[{"id":48075,"href":"https:\/\/www.geciclaw.com\/sr\/wp-json\/wp\/v2\/pages\/5717\/revisions\/48075"}],"wp:attachment":[{"href":"https:\/\/www.geciclaw.com\/sr\/wp-json\/wp\/v2\/media?parent=5717"}],"curies":[{"name":"wp","href":"https:\/\/api.w.org\/{rel}","templated":true}]}}